
{"id":86,"date":"2019-06-10T11:09:54","date_gmt":"2019-06-10T11:09:54","guid":{"rendered":"http:\/\/hornisucha2.knihovna.info\/?page_id=86"},"modified":"2023-04-24T10:22:09","modified_gmt":"2023-04-24T10:22:09","slug":"pouceni-o-ochrane-osobnich-udaju","status":"publish","type":"page","link":"https:\/\/hornisucha.knihovna.info\/?page_id=86","title":{"rendered":"Pou\u010den\u00ed o ochran\u011b osobn\u00edch \u00fadaj\u016f"},"content":{"rendered":"<p><strong>P\u0159\u00edloha \u010d. 2 ke Knihovn\u00edmu \u0159\u00e1du Obce Horn\u00ed Such\u00e1<\/strong><\/p>\n<p><strong>Pou\u010den\u00ed o ochran\u011b osobn\u00edch \u00fadaj\u016f pro u\u017eivatele knihovny<\/strong><\/p>\n<p>Obecn\u00ed knihovna Horn\u00ed Such\u00e1 je spr\u00e1vcem osobn\u00edch \u00fadaj\u016f u\u017eivatel\u016f knihovny.<\/p>\n<p>Knihovna zpracov\u00e1v\u00e1 osobn\u00ed \u00fadaje registrovan\u00fdch u\u017eivatel\u016f v tomto rozsahu:<br \/>\nPovinn\u00e9 identifika\u010dn\u00ed \u00fadaje: jm\u00e9no, p\u0159\u00edjmen\u00ed, datum narozen\u00ed, adresa trval\u00e9ho pobytu.<br \/>\nNepovinn\u00e9 kontaktn\u00ed \u00fadaje: koresponden\u010dn\u00ed adresa, e-mail, telefon.<br \/>\nSlu\u017eebn\u00ed \u00fadaje: \u010d\u00edslo \u010dten\u00e1\u0159sk\u00e9ho pr\u016fkazu, kategorie \u010dten\u00e1\u0159e, zobrazen\u00ed \u010dten\u00e1\u0159sk\u00e9ho konta \u010dten\u00e1\u0159e, historii v\u00fdp\u016fj\u010dek, z\u00e1znamy o rezervac\u00edch a objedn\u00e1vk\u00e1ch knih, \u00fadaje o proveden\u00fdch pen\u011b\u017en\u00edch transakc\u00edch, \u00fadaje o vym\u00e1h\u00e1n\u00ed dluhu.<br \/>\nD\u00e1le knihovna uchov\u00e1v\u00e1 identifika\u010dn\u00ed \u00fadaje z\u00e1konn\u00e9ho z\u00e1stupce, je-li registrovan\u00fd u\u017eivatel mlad\u0161\u00ed 15 let.<br \/>\nRegistrovan\u00fd u\u017eivatel ozn\u00e1m\u00ed knihovn\u011b p\u0159\u00edpadn\u00e9 zm\u011bny identifika\u010dn\u00edch a kontaktn\u00edch osobn\u00edch \u00fadaj\u016f bez zbyte\u010dn\u00e9ho odkladu.<br \/>\nKnihovna zpracov\u00e1v\u00e1 osobn\u00ed \u00fadaje za \u00fa\u010delem poskytov\u00e1n\u00ed knihovnick\u00fdch, informa\u010dn\u00edch a dal\u0161\u00edch slu\u017eeb u\u017eivatel\u016fm, informov\u00e1n\u00ed u\u017eivatel\u016f o slu\u017eb\u00e1ch a d\u00e1le za \u00fa\u010delem ochrany majetku a knihovn\u00edho fondu. Kontaktn\u00ed \u00fadaje vyu\u017e\u00edv\u00e1 knihovna za \u00fa\u010delem lep\u0161\u00ed komunikace s u\u017eivatelem, u\u017eivatel nen\u00ed povinen tyto \u00fadaje uv\u00e9st.<br \/>\nPr\u00e1va u\u017eivatel\u016f jako subjekt\u016f osobn\u00edch \u00fadaj\u016f<br \/>\nU\u017eivatel m\u00e1 pr\u00e1vo na p\u0159\u00edstup k osobn\u00edm \u00fadaj\u016fm, jejich opravu nebo v\u00fdmaz, pop\u0159\u00edpad\u011b omezen\u00ed zpracov\u00e1n\u00ed, a pr\u00e1vo vzn\u00e9st n\u00e1mitku proti zpracov\u00e1n\u00ed.<br \/>\nKnihovna registrovan\u00e9mu u\u017eivateli na jeho p\u00edsemnou \u017e\u00e1dost poskytne kopii zpracov\u00e1van\u00fdch osobn\u00edch \u00fadaj\u016f, p\u0159\u00edpadn\u011b umo\u017en\u00ed n\u00e1hled do p\u0159ihl\u00e1\u0161ky \u010dten\u00e1\u0159e a dal\u0161\u00edch doklad\u016f u n\u00ed ulo\u017een\u00fdch. \u017d\u00e1dosti t\u00fdkaj\u00edc\u00ed se ochrany osobn\u00edch \u00fadaj\u016f knihovna vy\u0159izuje bez zbyte\u010dn\u00e9ho odkladu, nejpozd\u011bji do jednoho m\u011bs\u00edce od obdr\u017een\u00ed \u017e\u00e1dosti.<br \/>\nDoba uchov\u00e1n\u00ed osobn\u00edch \u00fadaj\u016f<br \/>\nKnihovna uchov\u00e1v\u00e1 osobn\u00ed \u00fadaje registrovan\u00fdch u\u017eivatel\u016f po dobu registrace a jeden rok pot\u00e9, pokud nem\u00e1 v\u016f\u010di knihovn\u011b \u017e\u00e1dn\u00fd dluh. Registrovan\u00fd u\u017eivatel m\u016f\u017ee po\u017e\u00e1dat o likvidaci sv\u00fdch osobn\u00edch \u00fadaj\u016f, pokud nem\u00e1 v\u016f\u010di knihovn\u011b \u017e\u00e1dn\u00fd dluh a nep\u0159eje si nad\u00e1le vyu\u017e\u00edvat jej\u00edch slu\u017eeb. Osobn\u00ed \u00fadaje v po\u010d\u00edta\u010dov\u00fdch datab\u00e1z\u00edch jsou likvidov\u00e1ny vymaz\u00e1n\u00edm identifika\u010dn\u00edch \u00fadaj\u016f (anonymizace).<br \/>\nZabezpe\u010den\u00ed osobn\u00edch \u00fadaj\u016f<br \/>\nP\u00edsemnosti jsou uchov\u00e1v\u00e1ny tak, aby byl zamezen p\u0159\u00edstup nepovolan\u00fdch osob obvykl\u00fdmi prost\u0159edky. P\u0159\u00edstup k t\u011bmto p\u00edsemnostem je omezen pouze na zam\u011bstnance, kte\u0159\u00ed s nimi pracuj\u00ed v r\u00e1mci sv\u00fdch pracovn\u00edch \u00fakol\u016f.<br \/>\nOsobn\u00ed \u00fadaje knihovna uchov\u00e1v\u00e1 v po\u010d\u00edta\u010dov\u00e9 datab\u00e1zi. P\u0159\u00edstup k t\u011bmto dat\u016fm je chr\u00e1n\u011bn syst\u00e9mem p\u0159\u00edstupov\u00fdch \u00fa\u010dt\u016f, hesel a pr\u00e1v stanoven\u00fdch v rozsahu pot\u0159ebn\u00e9m pro pln\u011bn\u00ed \u00fakol\u016f jednotliv\u00fdch zam\u011bstnanc\u016f.<\/p>\n<p>Knihovna zpracov\u00e1v\u00e1 osobn\u00ed \u00fadaje na z\u00e1klad\u011b smlouvy o poskytov\u00e1n\u00ed slu\u017eeb, kterou s u\u017eivatelem uzav\u0159ela p\u0159ijet\u00edm jeho p\u0159ihl\u00e1\u0161ky do knihovny, a v souladu s Obecn\u00fdm na\u0159\u00edzen\u00edm o ochran\u011b osobn\u00edch \u00fadaj\u016f (EU) 2016\/679, zn\u00e1m\u00e9m jako GDPR.<\/p>\n<p>&nbsp;<\/p>\n<p>&nbsp;<\/p>\n<p>V Horn\u00ed Such\u00e9 dne 3.4.2023\u00a0 \u00a0 \u00a0 \u00a0 \u00a0 \u00a0 \u00a0 \u00a0 \u00a0 \u00a0 \u00a0 \u00a0 \u00a0 \u00a0 Jan Lipner, starosta obce, v.r.<\/p>\n","protected":false},"excerpt":{"rendered":"<p>P\u0159\u00edloha \u010d. 2 ke Knihovn\u00edmu \u0159\u00e1du Obce Horn\u00ed Such\u00e1 Pou\u010den\u00ed o ochran\u011b osobn\u00edch \u00fadaj\u016f pro u\u017eivatele knihovny Obecn\u00ed knihovna Horn\u00ed Such\u00e1 je spr\u00e1vcem osobn\u00edch \u00fadaj\u016f u\u017eivatel\u016f knihovny. Knihovna zpracov\u00e1v\u00e1 osobn\u00ed \u00fadaje registrovan\u00fdch u\u017eivatel\u016f v tomto rozsahu: Povinn\u00e9 identifika\u010dn\u00ed \u00fadaje: jm\u00e9no, &hellip; <a href=\"https:\/\/hornisucha.knihovna.info\/?page_id=86\">Cel\u00fd p\u0159\u00edsp\u011bvek <span class=\"meta-nav\">&rarr;<\/span><\/a><\/p>\n","protected":false},"author":1,"featured_media":0,"parent":0,"menu_order":0,"comment_status":"closed","ping_status":"closed","template":"","meta":{"footnotes":""},"class_list":["post-86","page","type-page","status-publish","hentry"],"_links":{"self":[{"href":"https:\/\/hornisucha.knihovna.info\/index.php?rest_route=\/wp\/v2\/pages\/86","targetHints":{"allow":["GET"]}}],"collection":[{"href":"https:\/\/hornisucha.knihovna.info\/index.php?rest_route=\/wp\/v2\/pages"}],"about":[{"href":"https:\/\/hornisucha.knihovna.info\/index.php?rest_route=\/wp\/v2\/types\/page"}],"author":[{"embeddable":true,"href":"https:\/\/hornisucha.knihovna.info\/index.php?rest_route=\/wp\/v2\/users\/1"}],"replies":[{"embeddable":true,"href":"https:\/\/hornisucha.knihovna.info\/index.php?rest_route=%2Fwp%2Fv2%2Fcomments&post=86"}],"version-history":[{"count":3,"href":"https:\/\/hornisucha.knihovna.info\/index.php?rest_route=\/wp\/v2\/pages\/86\/revisions"}],"predecessor-version":[{"id":377,"href":"https:\/\/hornisucha.knihovna.info\/index.php?rest_route=\/wp\/v2\/pages\/86\/revisions\/377"}],"wp:attachment":[{"href":"https:\/\/hornisucha.knihovna.info\/index.php?rest_route=%2Fwp%2Fv2%2Fmedia&parent=86"}],"curies":[{"name":"wp","href":"https:\/\/api.w.org\/{rel}","templated":true}]}}