
{"id":5,"date":"2012-01-10T19:37:16","date_gmt":"2012-01-10T19:37:16","guid":{"rendered":"http:\/\/www.knihovna.info\/xxxx\/?page_id=5"},"modified":"2024-12-02T07:41:53","modified_gmt":"2024-12-02T07:41:53","slug":"kontakt","status":"publish","type":"page","link":"https:\/\/hornisucha.knihovna.info\/?page_id=5","title":{"rendered":"Kontakt"},"content":{"rendered":"<p style=\"text-align: center;\">Obecn\u00ed knihovna v Horn\u00ed Such\u00e9<br \/>\nSportovn\u00ed 227<br \/>\n735 35 Horn\u00ed Such\u00e1<\/p>\n<p>\u00a0 \u00a0 \u00a0 \u00a0 \u00a0 \u00a0 \u00a0 \u00a0 \u00a0 \u00a0 \u00a0 \u00a0 \u00a0 \u00a0 \u00a0 \u00a0 \u00a0 \u00a0 \u00a0 \u00a0 \u00a0 \u00a0 \u00a0 \u00a0 \u00a0 Tel.: +420 596 425 470<\/p>\n<p style=\"text-align: center;\">VOIP: 558849527<\/p>\n<p style=\"text-align: center;\">e-mail: knihovna@hornisucha.cz<\/p>\n<p>\u00a0 \u00a0 \u00a0 \u00a0 \u00a0 \u00a0 \u00a0 \u00a0 \u00a0 \u00a0 \u00a0 \u00a0 \u00a0 \u00a0 \u00a0 \u00a0 \u00a0 \u00a0 \u00a0 \u00a0 \u00a0 \u00a0 \u00a0https:\/\/hornisucha.knihovna.info<\/p>\n<p style=\"text-align: center;\">KAG 514<\/p>\n<p style=\"text-align: center;\">Eviden\u010dn\u00ed \u010d\u00edslo knihovny na MK \u010cR: 2490<\/p>\n<p style=\"text-align: center;\">Vedouc\u00ed: Bc. Milu\u0161e Bulavov\u00e1<\/p>\n<p style=\"text-align: center;\">Knihovnice: Anna Kaperov\u00e1<\/p>\n","protected":false},"excerpt":{"rendered":"<p>Obecn\u00ed knihovna v Horn\u00ed Such\u00e9 Sportovn\u00ed 227 735 35 Horn\u00ed Such\u00e1 \u00a0 \u00a0 \u00a0 \u00a0 \u00a0 \u00a0 \u00a0 \u00a0 \u00a0 \u00a0 \u00a0 \u00a0 \u00a0 \u00a0 \u00a0 \u00a0 \u00a0 \u00a0 \u00a0 \u00a0 \u00a0 \u00a0 \u00a0 \u00a0 \u00a0 Tel.: +420 596 425 &hellip; <a href=\"https:\/\/hornisucha.knihovna.info\/?page_id=5\">Cel\u00fd p\u0159\u00edsp\u011bvek <span class=\"meta-nav\">&rarr;<\/span><\/a><\/p>\n","protected":false},"author":1,"featured_media":0,"parent":20,"menu_order":0,"comment_status":"closed","ping_status":"closed","template":"","meta":{"footnotes":""},"class_list":["post-5","page","type-page","status-publish","hentry"],"_links":{"self":[{"href":"https:\/\/hornisucha.knihovna.info\/index.php?rest_route=\/wp\/v2\/pages\/5","targetHints":{"allow":["GET"]}}],"collection":[{"href":"https:\/\/hornisucha.knihovna.info\/index.php?rest_route=\/wp\/v2\/pages"}],"about":[{"href":"https:\/\/hornisucha.knihovna.info\/index.php?rest_route=\/wp\/v2\/types\/page"}],"author":[{"embeddable":true,"href":"https:\/\/hornisucha.knihovna.info\/index.php?rest_route=\/wp\/v2\/users\/1"}],"replies":[{"embeddable":true,"href":"https:\/\/hornisucha.knihovna.info\/index.php?rest_route=%2Fwp%2Fv2%2Fcomments&post=5"}],"version-history":[{"count":13,"href":"https:\/\/hornisucha.knihovna.info\/index.php?rest_route=\/wp\/v2\/pages\/5\/revisions"}],"predecessor-version":[{"id":8,"href":"https:\/\/hornisucha.knihovna.info\/index.php?rest_route=\/wp\/v2\/pages\/5\/revisions\/8"}],"up":[{"embeddable":true,"href":"https:\/\/hornisucha.knihovna.info\/index.php?rest_route=\/wp\/v2\/pages\/20"}],"wp:attachment":[{"href":"https:\/\/hornisucha.knihovna.info\/index.php?rest_route=%2Fwp%2Fv2%2Fmedia&parent=5"}],"curies":[{"name":"wp","href":"https:\/\/api.w.org\/{rel}","templated":true}]}}