
{"id":281,"date":"2021-04-14T07:43:43","date_gmt":"2021-04-14T07:43:43","guid":{"rendered":"https:\/\/hornisucha.knihovna.info\/?page_id=281"},"modified":"2026-02-09T07:21:54","modified_gmt":"2026-02-09T07:21:54","slug":"obecni-knihovna-v-roce-2020","status":"publish","type":"page","link":"https:\/\/hornisucha.knihovna.info\/?page_id=281","title":{"rendered":"Obecn\u00ed knihovna v roce 2025"},"content":{"rendered":"<p><strong>Obecn\u00ed knihovna v Horn\u00ed Such\u00e9 v\u00a0roce 2025<\/strong><\/p>\n<p style=\"text-align: justify;\"><strong>\u00a0<\/strong>Ve fondu knihovny bylo k\u00a031. 12. 2025 celkem 15\u00a0700 knih, z\u00a0toho 2 516 polsk\u00fdch. P\u0159\u00edr\u016fstek \u010dinil 741 knih, z\u00a0toho 121 polsk\u00fdch.\u00a0 Knihovna nyn\u00ed odeb\u00edr\u00e1 18 titul\u016f \u010dasopis\u016f, z\u00a0toho 4 polsk\u00e9. K\u00a0dispozici \u010dten\u00e1\u0159\u016fm bylo 240 \u010desk\u00fdch knih a 80 zvukov\u00fdch dokument\u016f z\u00a0\u010desk\u00e9ho region\u00e1ln\u00edho fondu KF a 210 polsk\u00fdch knih z\u00a0region\u00e1ln\u00edho fondu KC.<\/p>\n<p style=\"text-align: justify;\">Na n\u00e1kup knih a \u010dasopis\u016f v\u00a0roce 2025 bylo vyd\u00e1no 184 958,- K\u010d, z\u00a0toho 32 476,- K\u010d na polsk\u00e9 knihy a \u010dasopisy.<\/p>\n<p style=\"text-align: justify;\">Knihovnu nav\u0161t\u011bvovalo 458 \u010dten\u00e1\u0159\u016f, z\u00a0toho 210 d\u011bt\u00ed do 15 let, kte\u0159\u00ed si vyp\u016fj\u010dili celkem 17 452 knih. V\u00a0knihovn\u011b je pro u\u017eivatele k\u00a0dispozici 1 po\u010d\u00edta\u010d s\u00a0p\u0159\u00edstupem k\u00a0internetu, nab\u00edz\u00edme mo\u017enost tisku, kop\u00edrov\u00e1n\u00ed a skenov\u00e1n\u00ed dokument\u016f. Meziknihovn\u00ed v\u00fdp\u016fj\u010dn\u00ed slu\u017ebu \u010dten\u00e1\u0159i vyu\u017e\u00edvaj\u00ed, bylo p\u016fj\u010deno 47 knih z\u00a0jin\u00fdch knihoven. Jin\u00fdm knihovn\u00e1m v\u00a0regionu jsme p\u016fj\u010dili 38 knih. \u010cten\u00e1\u0159i si tak\u00e9 p\u0159es knihovnu, p\u0159es aplikaci Palmknihy, vyp\u016fj\u010dili 138 e-knih.<\/p>\n<p style=\"text-align: justify;\">\u00a0Pro dosp\u011blou ve\u0159ejnost jsme uspo\u0159\u00e1dali dv\u011b besedy s autogrami\u00e1dou se spisovatelkami Karin Lednickou a Danutou Chlupovou. Pro \u010desk\u00e9 \u0161koln\u00ed d\u011bti 2 p\u0159edstaven\u00ed Listov\u00e1n\u00ed s\u00a0herci Luk\u00e1\u0161em Hejl\u00edkem a V\u011brou Hollou, Se spisovatelkou Zuzanou Posp\u00ed\u0161ilovou pro polsk\u00e9 d\u011bti besedu pro ni\u017e\u0161\u00ed stupe\u0148 a d\u011btem prvn\u00edch t\u0159\u00eddy \u010desk\u00e9 \u0161koly Pasov\u00e1n\u00ed na \u010dten\u00e1\u0159e. V knihovn\u011b jsme uspo\u0159\u00e1dali pro d\u011bti 20 besed a 2 knihovnick\u00e9 lekce. Z\u00fa\u010dastnili jsme se celost\u00e1tn\u00edho projektu Kn\u00ed\u017eka pro prv\u0148\u00e1\u010dka, uspo\u0159\u00e1dali 7 setk\u00e1n\u00ed v\u00a0r\u00e1mci projektu Bookstart \u2013 s\u00a0kn\u00ed\u017ekou do \u017eivota.<\/p>\n<p>&nbsp;<\/p>\n<table>\n<tbody>\n<tr>\n<td width=\"102\">rok<\/td>\n<td width=\"102\">n\u00e1v\u0161t\u011bvn\u00edci celkem<\/td>\n<td width=\"102\">\u010dten\u00e1\u0159i<\/td>\n<td width=\"102\">z toho d\u011bti<\/td>\n<td width=\"102\">\u00a0v\u00fdp\u016fj\u010dky<\/td>\n<td width=\"102\">akce pro \u010dten\u00e1\u0159e<\/td>\n<\/tr>\n<tr>\n<td width=\"102\">2023<\/td>\n<td width=\"102\">8 623<\/td>\n<td width=\"102\">590<\/td>\n<td width=\"102\">279<\/td>\n<td width=\"102\">15 511<\/td>\n<td width=\"102\">30<\/td>\n<\/tr>\n<tr>\n<td width=\"102\">2024<\/td>\n<td width=\"102\">8 730<\/td>\n<td width=\"102\">487<\/td>\n<td width=\"102\">248<\/td>\n<td width=\"102\">15 797<\/td>\n<td width=\"102\">45<\/td>\n<\/tr>\n<tr>\n<td width=\"102\">2025<\/td>\n<td width=\"102\">8 778<\/td>\n<td width=\"102\">458<\/td>\n<td width=\"102\">210<\/td>\n<td width=\"102\">17 452<\/td>\n<td width=\"102\">35<\/td>\n<\/tr>\n<\/tbody>\n<\/table>\n<p>&nbsp;<\/p>\n<table>\n<tbody>\n<tr>\n<td width=\"102\">rok<\/td>\n<td width=\"102\">knihy celkem<\/td>\n<td width=\"102\">polsk\u00e9 knihy<\/td>\n<td width=\"102\">\u010dasopisy<\/td>\n<td width=\"102\">nov\u00e9 knihy<\/td>\n<td width=\"102\">\u010d\u00e1stka K\u010d<\/td>\n<\/tr>\n<tr>\n<td width=\"102\">2023<\/td>\n<td width=\"102\">15 797<\/td>\n<td width=\"102\">2 422<\/td>\n<td width=\"102\">20<\/td>\n<td width=\"102\">611<\/td>\n<td width=\"102\">176\u00a0203,-<\/td>\n<\/tr>\n<tr>\n<td width=\"102\">2024<\/td>\n<td width=\"102\">16 056<\/td>\n<td width=\"102\">2 513<\/td>\n<td width=\"102\">22<\/td>\n<td width=\"102\">661<\/td>\n<td width=\"102\">175\u00a0542,-<\/td>\n<\/tr>\n<tr>\n<td width=\"102\">2025<\/td>\n<td width=\"102\">15 700<\/td>\n<td width=\"102\">2 516<\/td>\n<td width=\"102\">18<\/td>\n<td width=\"102\">741<\/td>\n<td width=\"102\">184\u00a0958,-<\/td>\n<\/tr>\n<\/tbody>\n<\/table>\n<p>&nbsp;<\/p>\n<table>\n<tbody>\n<tr>\n<td width=\"102\"><\/td>\n<td width=\"102\"><\/td>\n<td width=\"102\"><\/td>\n<td width=\"78\"><\/td>\n<td width=\"104\"><\/td>\n<td width=\"125\"><\/td>\n<\/tr>\n<tr>\n<td width=\"102\"><\/td>\n<td width=\"102\"><\/td>\n<td width=\"102\"><\/td>\n<td width=\"78\"><\/td>\n<td width=\"104\"><\/td>\n<td width=\"125\"><\/td>\n<\/tr>\n<tr>\n<td width=\"102\"><\/td>\n<td width=\"102\"><\/td>\n<td width=\"102\"><\/td>\n<td width=\"78\"><\/td>\n<td width=\"104\"><\/td>\n<td width=\"125\"><\/td>\n<\/tr>\n<tr>\n<td width=\"102\"><\/td>\n<td width=\"102\"><\/td>\n<td width=\"102\"><\/td>\n<td width=\"78\"><\/td>\n<td width=\"104\"><\/td>\n<td width=\"125\"><\/td>\n<\/tr>\n<tr>\n<td width=\"102\"><\/td>\n<td width=\"102\"><\/td>\n<td width=\"102\"><\/td>\n<td width=\"78\"><\/td>\n<td width=\"104\"><\/td>\n<td width=\"125\"><\/td>\n<\/tr>\n<\/tbody>\n<\/table>\n<p>&nbsp;<\/p>\n","protected":false},"excerpt":{"rendered":"<p>Obecn\u00ed knihovna v Horn\u00ed Such\u00e9 v\u00a0roce 2025 \u00a0Ve fondu knihovny bylo k\u00a031. 12. 2025 celkem 15\u00a0700 knih, z\u00a0toho 2 516 polsk\u00fdch. P\u0159\u00edr\u016fstek \u010dinil 741 knih, z\u00a0toho 121 polsk\u00fdch.\u00a0 Knihovna nyn\u00ed odeb\u00edr\u00e1 18 titul\u016f \u010dasopis\u016f, z\u00a0toho 4 polsk\u00e9. K\u00a0dispozici \u010dten\u00e1\u0159\u016fm bylo &hellip; <a href=\"https:\/\/hornisucha.knihovna.info\/?page_id=281\">Cel\u00fd p\u0159\u00edsp\u011bvek <span class=\"meta-nav\">&rarr;<\/span><\/a><\/p>\n","protected":false},"author":1,"featured_media":0,"parent":0,"menu_order":0,"comment_status":"closed","ping_status":"closed","template":"","meta":{"footnotes":""},"class_list":["post-281","page","type-page","status-publish","hentry"],"_links":{"self":[{"href":"https:\/\/hornisucha.knihovna.info\/index.php?rest_route=\/wp\/v2\/pages\/281","targetHints":{"allow":["GET"]}}],"collection":[{"href":"https:\/\/hornisucha.knihovna.info\/index.php?rest_route=\/wp\/v2\/pages"}],"about":[{"href":"https:\/\/hornisucha.knihovna.info\/index.php?rest_route=\/wp\/v2\/types\/page"}],"author":[{"embeddable":true,"href":"https:\/\/hornisucha.knihovna.info\/index.php?rest_route=\/wp\/v2\/users\/1"}],"replies":[{"embeddable":true,"href":"https:\/\/hornisucha.knihovna.info\/index.php?rest_route=%2Fwp%2Fv2%2Fcomments&post=281"}],"version-history":[{"count":4,"href":"https:\/\/hornisucha.knihovna.info\/index.php?rest_route=\/wp\/v2\/pages\/281\/revisions"}],"predecessor-version":[{"id":477,"href":"https:\/\/hornisucha.knihovna.info\/index.php?rest_route=\/wp\/v2\/pages\/281\/revisions\/477"}],"wp:attachment":[{"href":"https:\/\/hornisucha.knihovna.info\/index.php?rest_route=%2Fwp%2Fv2%2Fmedia&parent=281"}],"curies":[{"name":"wp","href":"https:\/\/api.w.org\/{rel}","templated":true}]}}