
{"id":23,"date":"2012-01-10T19:55:02","date_gmt":"2012-01-10T19:55:02","guid":{"rendered":"http:\/\/hornisucha2.knihovna.info\/?page_id=23"},"modified":"2023-03-10T08:49:46","modified_gmt":"2023-03-10T08:49:46","slug":"provozni-doba","status":"publish","type":"page","link":"https:\/\/hornisucha.knihovna.info\/?page_id=23","title":{"rendered":"Provozn\u00ed doba"},"content":{"rendered":"<p>V\u00fdp\u016fj\u010dn\u00ed doba:<\/p>\n<p>\u00dater\u00fd\u00a0 \u00a0 \u00a0 \u00a0 9 &#8211; 11.30\u00a0 \u00a0 \u00a012 &#8211; 18<br \/>\nSt\u0159eda\u00a0 \u00a0 \u00a0 9 &#8211; 11.30\u00a0 \u00a0 \u00a012 &#8211; 17<br \/>\nP\u00e1tek\u00a0 \u00a0 \u00a0 \u00a09 &#8211; 11.30\u00a0 \u00a0 \u00a012 &#8211; 17<\/p>\n","protected":false},"excerpt":{"rendered":"<p>V\u00fdp\u016fj\u010dn\u00ed doba: \u00dater\u00fd\u00a0 \u00a0 \u00a0 \u00a0 9 &#8211; 11.30\u00a0 \u00a0 \u00a012 &#8211; 18 St\u0159eda\u00a0 \u00a0 \u00a0 9 &#8211; 11.30\u00a0 \u00a0 \u00a012 &#8211; 17 P\u00e1tek\u00a0 \u00a0 \u00a0 \u00a09 &#8211; 11.30\u00a0 \u00a0 \u00a012 &#8211; 17<\/p>\n","protected":false},"author":1,"featured_media":0,"parent":0,"menu_order":0,"comment_status":"closed","ping_status":"closed","template":"","meta":{"footnotes":""},"class_list":["post-23","page","type-page","status-publish","hentry"],"_links":{"self":[{"href":"https:\/\/hornisucha.knihovna.info\/index.php?rest_route=\/wp\/v2\/pages\/23","targetHints":{"allow":["GET"]}}],"collection":[{"href":"https:\/\/hornisucha.knihovna.info\/index.php?rest_route=\/wp\/v2\/pages"}],"about":[{"href":"https:\/\/hornisucha.knihovna.info\/index.php?rest_route=\/wp\/v2\/types\/page"}],"author":[{"embeddable":true,"href":"https:\/\/hornisucha.knihovna.info\/index.php?rest_route=\/wp\/v2\/users\/1"}],"replies":[{"embeddable":true,"href":"https:\/\/hornisucha.knihovna.info\/index.php?rest_route=%2Fwp%2Fv2%2Fcomments&post=23"}],"version-history":[{"count":9,"href":"https:\/\/hornisucha.knihovna.info\/index.php?rest_route=\/wp\/v2\/pages\/23\/revisions"}],"predecessor-version":[{"id":370,"href":"https:\/\/hornisucha.knihovna.info\/index.php?rest_route=\/wp\/v2\/pages\/23\/revisions\/370"}],"wp:attachment":[{"href":"https:\/\/hornisucha.knihovna.info\/index.php?rest_route=%2Fwp%2Fv2%2Fmedia&parent=23"}],"curies":[{"name":"wp","href":"https:\/\/api.w.org\/{rel}","templated":true}]}}