
{"id":226,"date":"2020-01-24T14:00:02","date_gmt":"2020-01-24T14:00:02","guid":{"rendered":"http:\/\/hornisucha2.knihovna.info\/?page_id=226"},"modified":"2024-02-26T08:14:06","modified_gmt":"2024-02-26T08:14:06","slug":"knihovna-v-roce-2019","status":"publish","type":"page","link":"https:\/\/hornisucha.knihovna.info\/?page_id=226","title":{"rendered":"Knihovna v roce 2023"},"content":{"rendered":"\r\n<p><strong>Obecn\u00ed knihovna v Horn\u00ed Such\u00e9 v roce 2023<\/strong><\/p>\r\n\r\n\r\n\r\n<p style=\"text-align: justify;\">Ve fondu knihovny bylo k\u00a031. 12. 2023 celkem 15 797 knih, z\u00a0toho 2 422 polsk\u00fdch. P\u0159\u00edr\u016fstek \u010dinil 611 knih, z\u00a0toho 114 polsk\u00fdch.\u00a0 Knihovna nyn\u00ed odeb\u00edr\u00e1 20 titul\u016f \u010dasopis\u016f. K\u00a0dispozici \u010dten\u00e1\u0159\u016fm bylo 240 \u010desk\u00fdch knih a 120 zvukov\u00fdch dokument\u016f z\u00a0\u010desk\u00e9ho region\u00e1ln\u00edho fondu KF a 150 polsk\u00fdch knih z\u00a0region\u00e1ln\u00edho fondu KC. Na n\u00e1kup knih a \u010dasopis\u016f v\u00a0roce 2023 bylo vyd\u00e1no 176 203,- K\u010d, z\u00a0toho 25 635,-K\u010d na polsk\u00e9 knihy a \u010dasopisy. Knihovnu nav\u0161t\u011bvovalo 590 \u010dten\u00e1\u0159\u016f, z\u00a0toho 279 d\u011bt\u00ed do 15 let, kte\u0159\u00ed si vyp\u016fj\u010dili celkem 15 511 knih. V\u00a0knihovn\u011b jsou pro u\u017eivatele k\u00a0dispozici 2 po\u010d\u00edta\u010de s\u00a0p\u0159\u00edstupem k\u00a0internetu, nab\u00edz\u00edme mo\u017enost tisku, kop\u00edrov\u00e1n\u00ed dokument\u016f.<\/p>\r\n<p style=\"text-align: justify;\">D\u011bti ni\u017e\u0161\u00edch t\u0159\u00edd \u010desk\u00e9 \u0161koly chod\u00ed pravideln\u011b v\u00a0r\u00e1mci liter\u00e1rn\u00ed v\u00fdchovy s\u00a0u\u010ditelkami p\u016fj\u010dovat knihy. D\u011btem v\u0161ech prvn\u00edch t\u0159\u00edd, \u010desk\u00e9 i polsk\u00e9 \u0161koly, knihovna uspo\u0159\u00e1dala Pasov\u00e1n\u00ed na \u010dten\u00e1\u0159e, v\u00a0\u010desk\u00e9 \u0161kole se spisovatelkou Zuzanou Posp\u00ed\u0161ilovou, pro polsk\u00e9 d\u011bti s\u00a0Divad\u00e9lkem z\u00a0polsk\u00e9ho odd\u011blen\u00ed Region\u00e1ln\u00ed knihovny Karvin\u00e1. Z\u00fa\u010dastnili jsme se celost\u00e1tn\u00edho projektu Kn\u00ed\u017eka pro prv\u0148\u00e1\u010dka. Z\u00a0dal\u0161\u00edch akc\u00ed uv\u00e1d\u00edm alespo\u0148 besedy s\u00a0p\u0159ed\u0161kol\u00e1ky a d\u011btmi ni\u017e\u0161\u00edch ro\u010dn\u00edk\u016f \u010desk\u00e9 \u0161koly a 6 setk\u00e1n\u00ed v\u00a0r\u00e1mci projektu Bookstart \u2013 s\u00a0kn\u00ed\u017ekou do \u017eivota. Po del\u0161\u00ed dob\u011b jsme uspo\u0159\u00e1dali v\u00a0\u010desk\u00e9 \u0161kole i Listov\u00e1n\u00ed \u2013 3 p\u0159edstaven\u00ed pro d\u011bti, kdy je kniha p\u0159edstavena formou sc\u00e9nick\u00e9ho \u010dten\u00ed.<\/p>\r\n<p style=\"text-align: justify;\">Z\u00a0d\u016fvodu rekonstrukce budovy, ve kter\u00e9 se knihovna nach\u00e1z\u00ed, byl provoz knihovny v\u00a0minul\u00fdch letech omezen. Od \u00fanora 2020 do \u010dervna 2021 bylo zav\u0159eno \u00fapln\u011b, od \u010dervence 2021 do ledna 2023 jsme p\u016fj\u010dovali v\u00a0n\u00e1hradn\u00edch prostor\u00e1ch v\u00a0t\u011blocvi\u010dn\u011b \u010desk\u00e9 \u0161koly. Od \u00fanora 2023 jsme zp\u00e1tky ve sv\u00fdch prostor\u00e1ch.<\/p>\r\n<p style=\"text-align: justify;\">Rok 2023 byl pro na\u0161i knihovnu pestr\u00fd na ud\u00e1losti, kter\u00e9 zas\u00e1hly do chodu knihovny. Ji\u017e zm\u00edn\u011bn\u00e9 st\u011bhov\u00e1n\u00ed, od b\u0159ezna p\u0159i\u0161la o\u010dek\u00e1van\u00e1 zm\u011bna knihovn\u00edho automatizovan\u00e9ho syst\u00e9mu, nyn\u00ed pou\u017e\u00edv\u00e1me syst\u00e9m koha, v srpnu pravideln\u00e1 revize knihovn\u00edho fondu.<\/p>\r\n","protected":false},"excerpt":{"rendered":"<p>Obecn\u00ed knihovna v Horn\u00ed Such\u00e9 v roce 2023 Ve fondu knihovny bylo k\u00a031. 12. 2023 celkem 15 797 knih, z\u00a0toho 2 422 polsk\u00fdch. P\u0159\u00edr\u016fstek \u010dinil 611 knih, z\u00a0toho 114 polsk\u00fdch.\u00a0 Knihovna nyn\u00ed odeb\u00edr\u00e1 20 titul\u016f \u010dasopis\u016f. K\u00a0dispozici \u010dten\u00e1\u0159\u016fm bylo 240 &hellip; <a href=\"https:\/\/hornisucha.knihovna.info\/?page_id=226\">Cel\u00fd p\u0159\u00edsp\u011bvek <span class=\"meta-nav\">&rarr;<\/span><\/a><\/p>\n","protected":false},"author":1,"featured_media":0,"parent":0,"menu_order":0,"comment_status":"closed","ping_status":"closed","template":"","meta":{"footnotes":""},"class_list":["post-226","page","type-page","status-publish","hentry"],"_links":{"self":[{"href":"https:\/\/hornisucha.knihovna.info\/index.php?rest_route=\/wp\/v2\/pages\/226","targetHints":{"allow":["GET"]}}],"collection":[{"href":"https:\/\/hornisucha.knihovna.info\/index.php?rest_route=\/wp\/v2\/pages"}],"about":[{"href":"https:\/\/hornisucha.knihovna.info\/index.php?rest_route=\/wp\/v2\/types\/page"}],"author":[{"embeddable":true,"href":"https:\/\/hornisucha.knihovna.info\/index.php?rest_route=\/wp\/v2\/users\/1"}],"replies":[{"embeddable":true,"href":"https:\/\/hornisucha.knihovna.info\/index.php?rest_route=%2Fwp%2Fv2%2Fcomments&post=226"}],"version-history":[{"count":3,"href":"https:\/\/hornisucha.knihovna.info\/index.php?rest_route=\/wp\/v2\/pages\/226\/revisions"}],"predecessor-version":[{"id":402,"href":"https:\/\/hornisucha.knihovna.info\/index.php?rest_route=\/wp\/v2\/pages\/226\/revisions\/402"}],"wp:attachment":[{"href":"https:\/\/hornisucha.knihovna.info\/index.php?rest_route=%2Fwp%2Fv2%2Fmedia&parent=226"}],"curies":[{"name":"wp","href":"https:\/\/api.w.org\/{rel}","templated":true}]}}