
{"id":20,"date":"2012-01-10T19:53:39","date_gmt":"2012-01-10T19:53:39","guid":{"rendered":"http:\/\/hornisucha2.knihovna.info\/?page_id=20"},"modified":"2023-07-10T05:31:46","modified_gmt":"2023-07-10T05:31:46","slug":"o-nas","status":"publish","type":"page","link":"https:\/\/hornisucha.knihovna.info\/?page_id=20","title":{"rendered":"O n\u00e1s"},"content":{"rendered":"<p><strong>Obecn\u00ed knihovna v\u00a0Horn\u00ed Such\u00e9<\/strong><\/p>\n<p><strong> se nach\u00e1z\u00ed na adrese Sportovn\u00ed 4\/227, <\/strong><\/p>\n<p><strong>v budov\u011b s\u00eddla obecn\u00edho \u00fa\u0159adu.<\/strong><\/p>\n<p><strong>\u00a0<\/strong><\/p>\n<p><strong>\u00a0N<\/strong><strong>ab\u00edz\u00ed tyto slu\u017eby:<\/strong><\/p>\n<ul>\n<li><strong>V\u00fdp\u016fj\u010dn\u00ed slu\u017eby<\/strong> \u00a0&#8211; nab\u00edz\u00edme v\u00fdb\u011br beletrie, d\u011btsk\u00fdch knih, nau\u010dn\u00e9 literatury, \u010dasopis\u016f, zvukov\u00fdch knih, v\u00a0\u010desk\u00e9m i polsk\u00e9m jazyce<\/li>\n<li><strong>Meziknihovn\u00ed v\u00fdp\u016fj\u010dn\u00ed slu\u017eby \u2013 <\/strong>knihu, kterou nem\u00e1me, zajist\u00edme v\u00a0jin\u00e9 knihovn\u011b<\/li>\n<li><strong>P\u0159\u00edstup na internet\u00a0<\/strong><\/li>\n<li><strong>Reprografick\u00e9 slu\u017eby<\/strong> (kop\u00edrov\u00e1n\u00ed, skenov\u00e1n\u00ed, tisk z PC)<\/li>\n<li><strong>Rezervace a objedn\u00e1vky knih<\/strong><\/li>\n<li><strong>P\u016fj\u010dov\u00e1n\u00ed elektronick\u00fdch knih<\/strong><\/li>\n<\/ul>\n<p>&nbsp;<\/p>\n<p><strong>Budeme r\u00e1di, kdy\u017e n\u00e1m d\u00e1te v\u011bd\u011bt, zda jste s na\u0161imi slu\u017ebami spokojeni!<\/strong><\/p>\n","protected":false},"excerpt":{"rendered":"<p>Obecn\u00ed knihovna v\u00a0Horn\u00ed Such\u00e9 se nach\u00e1z\u00ed na adrese Sportovn\u00ed 4\/227, v budov\u011b s\u00eddla obecn\u00edho \u00fa\u0159adu. \u00a0 \u00a0Nab\u00edz\u00ed tyto slu\u017eby: V\u00fdp\u016fj\u010dn\u00ed slu\u017eby \u00a0&#8211; nab\u00edz\u00edme v\u00fdb\u011br beletrie, d\u011btsk\u00fdch knih, nau\u010dn\u00e9 literatury, \u010dasopis\u016f, zvukov\u00fdch knih, v\u00a0\u010desk\u00e9m i polsk\u00e9m jazyce Meziknihovn\u00ed v\u00fdp\u016fj\u010dn\u00ed slu\u017eby \u2013 &hellip; <a href=\"https:\/\/hornisucha.knihovna.info\/?page_id=20\">Cel\u00fd p\u0159\u00edsp\u011bvek <span class=\"meta-nav\">&rarr;<\/span><\/a><\/p>\n","protected":false},"author":1,"featured_media":0,"parent":0,"menu_order":0,"comment_status":"closed","ping_status":"closed","template":"","meta":{"footnotes":""},"class_list":["post-20","page","type-page","status-publish","hentry"],"_links":{"self":[{"href":"https:\/\/hornisucha.knihovna.info\/index.php?rest_route=\/wp\/v2\/pages\/20","targetHints":{"allow":["GET"]}}],"collection":[{"href":"https:\/\/hornisucha.knihovna.info\/index.php?rest_route=\/wp\/v2\/pages"}],"about":[{"href":"https:\/\/hornisucha.knihovna.info\/index.php?rest_route=\/wp\/v2\/types\/page"}],"author":[{"embeddable":true,"href":"https:\/\/hornisucha.knihovna.info\/index.php?rest_route=\/wp\/v2\/users\/1"}],"replies":[{"embeddable":true,"href":"https:\/\/hornisucha.knihovna.info\/index.php?rest_route=%2Fwp%2Fv2%2Fcomments&post=20"}],"version-history":[{"count":6,"href":"https:\/\/hornisucha.knihovna.info\/index.php?rest_route=\/wp\/v2\/pages\/20\/revisions"}],"predecessor-version":[{"id":383,"href":"https:\/\/hornisucha.knihovna.info\/index.php?rest_route=\/wp\/v2\/pages\/20\/revisions\/383"}],"wp:attachment":[{"href":"https:\/\/hornisucha.knihovna.info\/index.php?rest_route=%2Fwp%2Fv2%2Fmedia&parent=20"}],"curies":[{"name":"wp","href":"https:\/\/api.w.org\/{rel}","templated":true}]}}