
{"id":16,"date":"2012-01-10T19:51:03","date_gmt":"2012-01-10T19:51:03","guid":{"rendered":"http:\/\/hornisucha2.knihovna.info\/?page_id=16"},"modified":"2023-04-24T10:20:06","modified_gmt":"2023-04-24T10:20:06","slug":"knihovni-rad","status":"publish","type":"page","link":"https:\/\/hornisucha.knihovna.info\/?page_id=16","title":{"rendered":"Knihovn\u00ed \u0159\u00e1d"},"content":{"rendered":"<p><strong>KNIHOVN\u00cd \u0158\u00c1D<\/strong><br \/>\n<strong>Obecn\u00ed knihovny v Horn\u00ed Such\u00e9<\/strong><\/p>\n<p style=\"text-align: left;\">Obecn\u00ed knihovna v Horn\u00ed Such\u00e9 je dle Organiza\u010dn\u00edho \u0159\u00e1du Obce Horn\u00ed Such\u00e1 st\u0159ediskem obce. Knihovna nem\u00e1 pr\u00e1vo vystupovat v pr\u00e1vn\u00edch vztaz\u00edch sv\u00fdm jm\u00e9nem, ve\u0161ker\u00e1 rozhodnut\u00ed p\u0159\u00edslu\u0161\u00ed z\u0159izovateli. \u00dakoly z\u0159izovatele pln\u00ed Rada obce. Rada obce Horn\u00ed Such\u00e1 vyd\u00e1v\u00e1 v souladu s \u00a74 odst.7) z\u00e1kona 257\/2001 Sb., v platn\u00e9m zn\u011bn\u00ed, (d\u00e1le jen Knihovn\u00ed z\u00e1kon), tento Knihovn\u00ed \u0159\u00e1d.<\/p>\n<p style=\"text-align: left;\">\u010cl\u00e1nek 1<br \/>\nPosl\u00e1n\u00ed a \u010dinnost knihovny<br \/>\n1. Obecn\u00ed knihovna v Horn\u00ed Such\u00e9 je knihovnou z\u00e1kladn\u00ed ve smyslu \u00a7 3 a 12 z\u00e1kona \u010d. 257\/2001 Sb., je z\u0159\u00edzena za \u00fa\u010delem poskytovat rovn\u00fdm zp\u016fsobem v\u0161em ob\u010dan\u016fm bez rozd\u00edlu ve\u0159ejn\u00e9 knihovnick\u00e9 a informa\u010dn\u00ed slu\u017eby vymezen\u00e9 v \u00a7 2, 4 a 14 knihovn\u00edho z\u00e1kona.<br \/>\n2. P\u0159i zaji\u0161\u0165ov\u00e1n\u00ed knihovnick\u00fdch a informa\u010dn\u00edch slu\u017eeb knihovna spolupracuje s Region\u00e1ln\u00ed knihovnou Karvin\u00e1. Obsah a formy spolupr\u00e1ce jsou o\u0161et\u0159eny smluvn\u011b.<\/p>\n<p style=\"text-align: left;\">\u010cl\u00e1nek 2<br \/>\nVe\u0159ejn\u00e9 knihovnick\u00e9 a informa\u010dn\u00ed slu\u017eby<br \/>\n1. Knihovna poskytuje \u010dten\u00e1\u0159\u016fm ve\u0159ejn\u00e9 knihovnick\u00e9 a informa\u010dn\u00ed slu\u017eby tak, jak jsou vymezeny v p\u0159\u00edslu\u0161n\u00fdch ustanoven\u00edch knihovn\u00edho z\u00e1kona. Jsou to zejm\u00e9na:<br \/>\n\u2022 v\u00fdp\u016fj\u010dn\u00ed slu\u017eby<br \/>\n\u2022 meziknihovn\u00ed v\u00fdp\u016fj\u010dn\u00ed slu\u017eby<br \/>\n\u2022 informa\u010dn\u00ed slu\u017eby, zejm\u00e9na: informace o kataloz\u00edch, fondech a vyu\u017e\u00edv\u00e1n\u00ed knihovny, informace o dostupnosti fond\u016f, rezervace titul\u016f, p\u0159\u00edstup k vn\u011bj\u0161\u00edm informa\u010dn\u00edm zdroj\u016fm, zejm\u00e9na na internetu.<br \/>\n2. Slu\u017eby uveden\u00e9 v \u010cl. 2, odst. 1 tohoto Knihovn\u00edho \u0159\u00e1du poskytuje knihovna bezplatn\u011b.<br \/>\n3. Knihovna poskytuje tak\u00e9 placen\u00e9 slu\u017eby uveden\u00e9 v Cen\u00edku poplatk\u016f a slu\u017eeb, kter\u00fd je P\u0159\u00edlohou \u010d. 1 ke Knihovn\u00edmu \u0159\u00e1du, d\u00e1le jen Cen\u00edk.<br \/>\n4. Za registraci u\u017eivatel\u016f \u00fa\u010dtuje knihovna poplatek dle Cen\u00edku.<\/p>\n<p style=\"text-align: left;\">\u010cl\u00e1nek 3<br \/>\nRegistrace, z\u00e1kladn\u00ed pr\u00e1va a povinnosti u\u017eivatel\u016f knihovny<br \/>\n1. U\u017eivatelem knihovny je ka\u017ed\u00fd, kdo vyu\u017e\u00edv\u00e1 jak\u00e9koliv slu\u017eby poskytovan\u00e9 knihovnou, nap\u0159\u00edklad se \u00fa\u010dastn\u00ed akce po\u0159\u00e1dan\u00e9 knihovnou, vyu\u017e\u00edv\u00e1 internet, vyu\u017e\u00edv\u00e1 placen\u00e9 slu\u017eby knihovny, ka\u017ed\u00fd, kdo se zdr\u017euje v prostor\u00e1ch knihovny. \u00dadaje o t\u011bchto u\u017eivatel\u00edch knihovna zpracov\u00e1v\u00e1, pokud pro poskytnut\u00ed slu\u017eby osobn\u00ed \u00fadaje vy\u017eaduje, nap\u0159\u00edklad p\u0159i registraci na akci po\u0159\u00e1dan\u00e9 knihovnou pomoc\u00ed formul\u00e1\u0159e, zpracov\u00e1n\u00edm osobn\u00edch \u00fadaj\u016f m\u016f\u017ee b\u00fdt i fotodokumentace akce.<br \/>\n2. Podpisem p\u0159ihl\u00e1\u0161ky uzav\u0159e u\u017eivatel s knihovnou smlouvu o poskytov\u00e1n\u00ed slu\u017eeb, na z\u00e1klad\u011b kter\u00e9 mu knihovna umo\u017e\u0148uje vyu\u017e\u00edvat v\u00fdp\u016fj\u010dn\u00ed a jin\u00e9 knihovnick\u00e9 informa\u010dn\u00ed slu\u017eby, a st\u00e1v\u00e1 se tak u\u017eivatelem registrovan\u00fdm. D\u011bti do 15-ti let se stanou registrovan\u00fdmi u\u017eivateli knihovny na z\u00e1klad\u011b podpisu p\u0159ihl\u00e1\u0161ky jejich z\u00e1konn\u00fdm z\u00e1stupcem, knihovna tedy zpracov\u00e1v\u00e1 i osobn\u00ed \u00fadaje z\u00e1konn\u00e9ho z\u00e1stupce d\u00edt\u011bte.<br \/>\n3. Registrace se prov\u00e1d\u00ed osobn\u011b, za d\u011bti do 15-ti let podepisuje p\u0159ihl\u00e1\u0161ku z\u00e1konn\u00fd z\u00e1stupce. Knihovna vy\u017eaduje k registraci p\u0159edlo\u017een\u00ed dokladu toto\u017enosti a dolo\u017een\u00ed n\u00e1sleduj\u00edc\u00edch identifika\u010dn\u00edch a kontaktn\u00edch osobn\u00edch \u00fadaj\u016f: jm\u00e9no a p\u0159\u00edjmen\u00ed, datum narozen\u00ed, adresu trval\u00e9ho pobytu, koresponden\u010dn\u00ed adresu, email, telefon. U\u017eivatel je z\u00e1rove\u0148 povinen uv\u00e9st adresu sv\u00e9ho bydli\u0161t\u011b, je-li odli\u0161n\u00e1 od m\u00edsta trval\u00e9ho pobytu. Zm\u011bnu t\u011bchto \u00fadaj\u016f je povinen u\u017eivatel knihovn\u011b ozn\u00e1mit bez zbyte\u010dn\u00e9ho odkladu.<br \/>\n4. Knihovna d\u00e1le zpracov\u00e1v\u00e1 n\u00e1sleduj\u00edc\u00ed osobn\u00ed \u00fadaje u\u017eivatel\u016f: \u010d\u00edslo \u010dten\u00e1\u0159sk\u00e9ho pr\u016fkazu, zobrazen\u00ed konta \u010dten\u00e1\u0159e, historii v\u00fdp\u016fj\u010dek, z\u00e1znamy o rezervac\u00edch a objedn\u00e1vk\u00e1ch knih, \u00fadaje o proveden\u00fdch pen\u011b\u017en\u00edch transakc\u00edch, \u00fadaje o vym\u00e1h\u00e1n\u00ed dluhu a dal\u0161\u00ed.<br \/>\n5. Osobn\u00ed \u00fadaje knihovna zpracov\u00e1v\u00e1 dle na\u0159\u00edzen\u00ed Evropsk\u00e9ho parlamentu a Rady (EU) 2016\/679 ze dne 27.dubna 2016 o ochran\u011b fyzick\u00fdch osob v souvislosti se zpracov\u00e1n\u00edm osobn\u00edch \u00fadaj\u016f a o voln\u00e9m pohybu t\u011bchto \u00fadaj\u016f a o zru\u0161en\u00ed sm\u011brnice 95\/46\/ES, zn\u00e1m\u00e9ho t\u00e9\u017e pod zkratkou GDPR. Knihovna je dle tohoto na\u0159\u00edzen\u00ed spr\u00e1vcem osobn\u00edch \u00fadaj\u016f. Pou\u010den\u00ed o ochran\u011b osobn\u00edch \u00fadaj\u016f pro u\u017eivatele knihovny je P\u0159\u00edlohou \u010d.2 ke Knihovn\u00edmu \u0159\u00e1du.<br \/>\n6. U\u017eivatel\u00e9 knihovny jsou povinni \u0159\u00eddit se Knihovn\u00ed \u0159\u00e1dem a dodr\u017eovat pokyny knihovn\u00edka. Mus\u00ed se podrobit tak\u00e9 stanoven\u00fdm kontroln\u00edm opat\u0159en\u00edm, kter\u00e1 jsou pot\u0159ebn\u00e1 pro udr\u017een\u00ed po\u0159\u00e1dku a ochranu majetku knihovny. Jsou povinni zachov\u00e1vat v prostor\u00e1ch knihovny klid a po\u0159\u00e1dek. Z pr\u00e1va pou\u017e\u00edt slu\u017eby knihovny jsou vylou\u010deni ti u\u017eivatel\u00e9, kte\u0159\u00ed nedodr\u017euj\u00ed knihovn\u00ed \u0159\u00e1d a sv\u00fdm chov\u00e1n\u00edm a projevy obt\u011b\u017euj\u00ed \u010di ru\u0161\u00ed jin\u00e9 u\u017eivatele, nerespektuj\u00ed z\u00e1kladn\u00ed hygienick\u00e1 pravidla (zne\u010dist\u011bn\u00fd od\u011bv, z\u00e1pach), jsou pod vlivem alkoholu nebo omamn\u00fdch l\u00e1tek \u010di ohro\u017euj\u00ed bezpe\u010dnost a zdrav\u00ed u\u017eivatel\u016f a zam\u011bstnanc\u016f.<br \/>\n7. Jestli\u017ee u\u017eivatel nedodr\u017euje tato opat\u0159en\u00ed, m\u016f\u017ee b\u00fdt do\u010dasn\u011b nebo trvale zbaven pr\u00e1va pou\u017e\u00edvat slu\u017eeb knihovny. T\u00edm nen\u00ed zbaven odpov\u011bdnosti za zp\u016fsobenou \u0161kodu a povinnosti ji nahradit dle platn\u00fdch p\u0159edpis\u016f.<br \/>\n8. Ve\u0159ejn\u00e9 prostory knihovny jsou monitorov\u00e1ny kamerov\u00fdm syst\u00e9mem za \u00fa\u010delem zv\u00fd\u0161en\u00ed bezpe\u010dnosti ve\u0159ejn\u00e9ho prostoru a ochrany majetku, zejm\u00e9na knihovn\u00edho fondu, p\u0159ed odcizen\u00edm.<br \/>\n9. P\u0159ipom\u00ednky, podn\u011bty a n\u00e1vrhy k pr\u00e1ci knihovny je mo\u017en\u00e9 pod\u00e1vat knihovn\u00edkovi nebo obecn\u00edmu \u00fa\u0159adu.<br \/>\n\u010cl\u00e1nek 4<br \/>\nPokyny pro vyu\u017e\u00edv\u00e1n\u00ed v\u00fdpo\u010detn\u00ed techniky<br \/>\n1. U\u017eivatel sm\u00ed pou\u017e\u00edvat v\u00fdpo\u010detn\u00ed techniku a internet na po\u010d\u00edta\u010d\u00edch ur\u010den\u00fdch pro ve\u0159ejnost a po p\u0159edlo\u017een\u00ed \u010dten\u00e1\u0159sk\u00e9ho pr\u016fkazu.<br \/>\n2. U\u017eivatel je povinen pou\u017e\u00edvat pouze programov\u00e9 vybaven\u00ed, kter\u00e9 mu knihovna poskytuje.<br \/>\n3. Doba u\u017e\u00edv\u00e1n\u00ed internetu jedn\u00edm u\u017eivatelem je maxim\u00e1ln\u011b 1 hodina denn\u011b, v p\u0159\u00edpad\u011b v\u011bt\u0161\u00edho po\u010dtu z\u00e1jemc\u016f o p\u0159\u00edstup k internetu sm\u00ed knihovn\u00edk sn\u00ed\u017eit dobu u\u017e\u00edv\u00e1n\u00ed a\u017e na 15 min.<br \/>\n4. U\u017eivatel je povinen ukon\u010dit pr\u00e1ci na po\u010d\u00edta\u010di 15 minut p\u0159ed koncem v\u00fdp\u016fj\u010dn\u00ed doby nebo stanoven\u00e9 poledn\u00ed p\u0159est\u00e1vky.<br \/>\n5. U\u017eivateli je zak\u00e1z\u00e1no restartovat po\u010d\u00edta\u010d, m\u011bnit nastaven\u00ed, kop\u00edrovat a distribuovat \u010d\u00e1sti opera\u010dn\u00edho syst\u00e9mu knihovny a nainstalovan\u00fdch aplikac\u00ed a program\u016f v knihovn\u011b.<br \/>\n6. Se souhlasem knihovn\u00edka si m\u016f\u017ee u\u017eivatel kop\u00edrovat na sv\u00e9 nosi\u010de dat informace z\u00edskan\u00e9 z internetov\u00fdch b\u00e1z\u00ed dat.<br \/>\n7. U\u017eivatel\u016fm nen\u00ed povolen p\u0159\u00edstup k internetov\u00fdm aplikac\u00edm propaguj\u00edc\u00edm n\u00e1sil\u00ed, rasovou \u010di etnickou nesn\u00e1\u0161enlivost a pornografii.<br \/>\n8. U\u017eivatel je pln\u011b odpov\u011bdn\u00fd za \u0161kody, kter\u00e9 by knihovn\u011b vznikly jeho neodbornou manipulac\u00ed s v\u00fdpo\u010detn\u00ed technikou a programov\u00fdm vybaven\u00edm v\u010detn\u011b \u0161kod zp\u016fsoben\u00fdch j\u00edm zanesen\u00fdmi po\u010d\u00edta\u010dov\u00fdmi viry.<br \/>\n9. Z\u00edskan\u00e9 informace a data slou\u017e\u00ed v\u00fdhradn\u011b k osobn\u00ed pot\u0159eb\u011b u\u017eivatele a k jeho studijn\u00edm \u00fa\u010del\u016fm. Nen\u00ed povoleno je jak\u00fdmkoliv zp\u016fsobem d\u00e1le roz\u0161i\u0159ovat, p\u016fj\u010dovat, sd\u00edlet, distribuovat (ani v po\u010d\u00edta\u010dov\u00e9 s\u00edti), prod\u00e1vat nebo jinak vyu\u017e\u00edvat zejm\u00e9na ke komer\u010dn\u00edm \u00fa\u010del\u016fm.<br \/>\n10. U\u017eivatel je povinen respektovat autorskopr\u00e1vn\u00ed ochranu dat v souladu se z\u00e1konem \u010d. 121\/2000 Sb., autorsk\u00fd z\u00e1kon.<br \/>\n\u010cl\u00e1nek 5<br \/>\nV\u00fdp\u016fj\u010dn\u00ed \u0159\u00e1d<br \/>\n1. O zp\u016fsobu zap\u016fj\u010den\u00ed knihy, \u010dasopisu, p\u0159\u00edpadn\u011b jin\u00e9ho knihovn\u00edho dokumentu, d\u00e1le jen publikace, rozhoduje knihovn\u00edk.<br \/>\n2. U\u017eivatel si sm\u00ed vyp\u016fj\u010dit p\u0159i jedn\u00e9 n\u00e1v\u0161t\u011bv\u011b maxim\u00e1ln\u011b 10 knih a 10 \u010dasopis\u016f, u nau\u010dn\u00e9 literatury si sm\u00ed p\u016fj\u010dit jen dv\u011b knihy stejn\u00e9ho oboru. V\u00fdp\u016fj\u010dn\u00ed lh\u016fta u knih je 1 m\u011bs\u00edc, u \u010dasopis\u016f 2 t\u00fddny. V\u00fdp\u016fj\u010dn\u00ed lh\u016fta m\u016f\u017ee b\u00fdt prodlou\u017eena. U v\u00fdp\u016fj\u010dek mimo budovu se v\u00fdp\u016fj\u010dn\u00ed lh\u016fta prodlu\u017euje dvakr\u00e1t, po\u017e\u00e1d\u00e1-li o to u\u017eivatel p\u0159ed jej\u00edm uplynut\u00edm a ne\u017e\u00e1d\u00e1-li o publikaci dal\u0161\u00ed u\u017eivatel. V od\u016fvodn\u011bn\u00fdch p\u0159\u00edpadech je mo\u017en\u00e9 povolit novou v\u00fdp\u016fj\u010dku t\u00e9ho\u017e d\u00edla, ale jen po jeho p\u0159edlo\u017een\u00ed. Knihovna je opr\u00e1vn\u011bna bez ud\u00e1n\u00ed d\u016fvod\u016f stanovit krat\u0161\u00ed v\u00fdp\u016fj\u010dn\u00ed lh\u016ftu, p\u0159\u00edpadn\u011b \u017e\u00e1dat o bezodkladn\u00e9 vr\u00e1cen\u00ed publikace p\u0159ed uplynut\u00edm v\u00fdp\u016fj\u010dn\u00ed lh\u016fty.<br \/>\n3. \u017d\u00e1d\u00e1-li u\u017eivatel publikaci, kter\u00e1 je p\u016fj\u010dena jin\u00e9mu u\u017eivateli, m\u016f\u017ee vyu\u017e\u00edt rezerva\u010dn\u00ed slu\u017ebu. Jakmile bude publikace vr\u00e1cena, uv\u011bdom\u00ed knihovna na po\u017e\u00e1d\u00e1n\u00ed u\u017eivatele o mo\u017enosti vyzvednut\u00ed publikace.<br \/>\n4. Pokud u\u017eivatel \u017e\u00e1d\u00e1 publikaci, kter\u00e1 nen\u00ed v majetku knihovny, m\u016f\u017ee vyu\u017e\u00edt meziknihovn\u00ed v\u00fdp\u016fj\u010dn\u00ed slu\u017eby. Jakmile knihovna publikaci z\u00edsk\u00e1, uv\u011bdom\u00ed \u017eadatele o mo\u017enosti v\u00fdp\u016fj\u010dky. U\u017eivatel je povinen dodr\u017eovat v\u00fdp\u016fj\u010dn\u00ed lh\u016ftu a podm\u00ednky p\u016fj\u010dov\u00e1n\u00ed ur\u010den\u00e9 p\u016fj\u010duj\u00edc\u00ed knihovnou. D\u00e1le je povinen zaplatit finan\u010dn\u00ed n\u00e1klady s t\u00edm souvisej\u00edc\u00ed, nap\u0159. po\u0161tovn\u00e9, baln\u00e9, poji\u0161t\u011bn\u00ed z\u00e1silky apod. U\u017eivatel nesm\u00ed vyp\u016fj\u010denou publikaci p\u016fj\u010dovat jin\u00fdm osob\u00e1m a ru\u010d\u00ed za ni po celou dobu v\u00fdp\u016fj\u010dky.<br \/>\n5. U\u017eivatel je povinen vr\u00e1tit vyp\u016fj\u010denou publikaci v takov\u00e9m stavu, v jak\u00e9m ji p\u0159evzal. Jinak nese odpov\u011bdnost za v\u0161echny zji\u0161t\u011bn\u00e9 z\u00e1vady a je povinen uhradit knihovn\u011b n\u00e1klady na opravu publikace nebo uhradit \u0161kodu jako p\u0159i ztr\u00e1t\u011b publikace. Je zak\u00e1z\u00e1no zpracov\u00e1vat texty v publikac\u00edch podtrh\u00e1v\u00e1n\u00edm, zv\u00fdraz\u0148ov\u00e1n\u00edm, psan\u00edm pozn\u00e1mek na okraj nebo jin\u00fdm zp\u016fsobem do vyp\u016fj\u010den\u00e9ho dokumentu zasahovat.<br \/>\n6. Ve vlastn\u00edm z\u00e1jmu si mus\u00ed u\u017eivatel publikaci prohl\u00e9dnout p\u0159i vyp\u016fj\u010dov\u00e1n\u00ed a p\u0159\u00edpadn\u00e9 po\u0161kozen\u00ed ihned ohl\u00e1sit knihovn\u00edkovi, jinak odpov\u00edd\u00e1 za ka\u017ed\u00e9 po\u0161kozen\u00ed, kter\u00e9 bude zji\u0161t\u011bno p\u0159i vr\u00e1cen\u00ed publikace.<br \/>\n7. Pro p\u016fj\u010dov\u00e1n\u00ed knihovn\u00edch fond\u016f plat\u00ed ustanoven\u00ed ob\u010dansk\u00e9ho z\u00e1kon\u00edku o p\u016fj\u010dov\u00e1n\u00ed v\u011bc\u00ed.<\/p>\n<p style=\"text-align: left;\">\u010cl\u00e1nek 6<br \/>\nPoplatky za p\u0159estupky proti Knihovn\u00edmu \u0159\u00e1du a n\u00e1hrada \u0161kod<br \/>\n1. Pokud u\u017eivatel nevr\u00e1t\u00ed publikace ve stanoven\u00e9 lh\u016ft\u011b, \u00fa\u010dtuje knihovn\u00edk u\u017eivateli poplatek z prodlen\u00ed. Jestli\u017ee u\u017eivatel nevr\u00e1t\u00ed ani po upomenut\u00ed vyp\u016fj\u010den\u00e9 publikace, budou vym\u00e1h\u00e1ny pr\u00e1vn\u00ed cestou a z\u00e1rove\u0148 budou vym\u00e1h\u00e1ny n\u00e1klady s t\u00edm spojen\u00e9.<br \/>\n2. Povinnost platit poplatek z prodlen\u00ed nast\u00e1v\u00e1 dnem, kter\u00fd n\u00e1sleduje po skon\u010den\u00ed stanoven\u00e9 v\u00fdp\u016fj\u010dn\u00ed lh\u016fty. Po \u010dty\u0159ech bezv\u00fdsledn\u00fdch upom\u00ednk\u00e1ch (z nich\u017e posledn\u00ed je doporu\u010den\u00fd dopis obecn\u00edho \u00fa\u0159adu) n\u00e1sleduje vym\u00e1h\u00e1n\u00ed pr\u00e1vn\u00ed cestou.<br \/>\n3. U\u017eivatel je povinen bezodkladn\u011b hl\u00e1sit ztr\u00e1tu nebo po\u0161kozen\u00ed publikace a ve lh\u016ft\u011b stanoven\u00e9 knihovn\u00edkem nahradit zp\u016fsobenou \u0161kodu. O zp\u016fsobu n\u00e1hrady rozhoduje knihovn\u00edk. M\u016f\u017ee po\u017eadovat n\u00e1hradu \u0161kody uveden\u00edm do p\u016fvodn\u00edho stavu obstar\u00e1n\u00edm n\u00e1hradn\u00edho v\u00fdtisku t\u00e9ho\u017e d\u00edla ve stejn\u00e9m vyd\u00e1n\u00ed a vazb\u011b nebo po\u017eadovat finan\u010dn\u00ed n\u00e1hradu. Finan\u010dn\u00ed n\u00e1hradu stanovuje knihovn\u00edk podle Cen\u00edku.<br \/>\n4. Do vy\u0159e\u0161en\u00ed zp\u016fsobu nahrazen\u00ed ztr\u00e1ty a uhrazen\u00ed v\u0161ech pohled\u00e1vek m\u00e1 knihovn\u00edk pr\u00e1vo pozastavit u\u017eivateli poskytov\u00e1n\u00ed v\u0161ech slu\u017eeb.<br \/>\n5. P\u0159i p\u016fj\u010dov\u00e1n\u00ed mimo budovu m\u016f\u017ee knihovn\u00edk \u017e\u00e1dat jako z\u00e1ruku \u0159\u00e1dn\u00e9ho vr\u00e1cen\u00ed slo\u017een\u00ed kauce v cen\u011b po\u017eadovan\u00e9ho titulu, na kterou knihovn\u00edk vystav\u00ed stvrzenku. P\u0159i \u0159\u00e1dn\u00e9m vr\u00e1cen\u00ed v\u00fdp\u016fj\u010dky p\u0159edlo\u017e\u00ed u\u017eivatel stvrzenku a knihovn\u00edk mu kauci vr\u00e1t\u00ed v pln\u00e9 v\u00fd\u0161i.<br \/>\n6. Za \u0161kody zp\u016fsoben\u00e9 na ostatn\u00edm majetku knihovny odpov\u00edd\u00e1 u\u017eivatel podle obecn\u011b platn\u00fdch p\u0159edpis\u016f.<\/p>\n<p style=\"text-align: left;\">\u010cl\u00e1nek 7<br \/>\nZ\u00e1v\u011bre\u010dn\u00e1 ustanoven\u00ed<\/p>\n<p style=\"text-align: left;\">1. Tento Knihovn\u00ed \u0159\u00e1d nahrazuje Knihovn\u00ed \u0159\u00e1d schv\u00e1len\u00fd Radou obce Horn\u00ed Such\u00e1 dne 15. 5. 2018, usnesen\u00edm \u010d. 253.<br \/>\n2. Knihovn\u00ed \u0159\u00e1d byl schv\u00e1len Radou obce Horn\u00ed Such\u00e1 dne 23.3.2023, usnesen\u00edm \u010d. 176, a nab\u00fdv\u00e1 \u00fa\u010dinnosti dne 1.5.2023.<\/p>\n<p style=\"text-align: left;\">V Horn\u00ed Such\u00e9, dne.3.4.2023\u00a0 \u00a0 \u00a0 \u00a0 \u00a0 \u00a0 \u00a0 \u00a0 \u00a0 \u00a0 \u00a0 \u00a0 \u00a0 \u00a0 \u00a0 \u00a0 \u00a0 \u00a0 Ing. Jan Lipner, starosta obce, v.r.<\/p>\n<p style=\"text-align: left;\">\n<p style=\"text-align: left;\">\n","protected":false},"excerpt":{"rendered":"<p>KNIHOVN\u00cd \u0158\u00c1D Obecn\u00ed knihovny v Horn\u00ed Such\u00e9 Obecn\u00ed knihovna v Horn\u00ed Such\u00e9 je dle Organiza\u010dn\u00edho \u0159\u00e1du Obce Horn\u00ed Such\u00e1 st\u0159ediskem obce. Knihovna nem\u00e1 pr\u00e1vo vystupovat v pr\u00e1vn\u00edch vztaz\u00edch sv\u00fdm jm\u00e9nem, ve\u0161ker\u00e1 rozhodnut\u00ed p\u0159\u00edslu\u0161\u00ed z\u0159izovateli. \u00dakoly z\u0159izovatele pln\u00ed Rada obce. Rada &hellip; <a href=\"https:\/\/hornisucha.knihovna.info\/?page_id=16\">Cel\u00fd p\u0159\u00edsp\u011bvek <span class=\"meta-nav\">&rarr;<\/span><\/a><\/p>\n","protected":false},"author":1,"featured_media":0,"parent":0,"menu_order":0,"comment_status":"closed","ping_status":"closed","template":"","meta":{"footnotes":""},"class_list":["post-16","page","type-page","status-publish","hentry"],"_links":{"self":[{"href":"https:\/\/hornisucha.knihovna.info\/index.php?rest_route=\/wp\/v2\/pages\/16","targetHints":{"allow":["GET"]}}],"collection":[{"href":"https:\/\/hornisucha.knihovna.info\/index.php?rest_route=\/wp\/v2\/pages"}],"about":[{"href":"https:\/\/hornisucha.knihovna.info\/index.php?rest_route=\/wp\/v2\/types\/page"}],"author":[{"embeddable":true,"href":"https:\/\/hornisucha.knihovna.info\/index.php?rest_route=\/wp\/v2\/users\/1"}],"replies":[{"embeddable":true,"href":"https:\/\/hornisucha.knihovna.info\/index.php?rest_route=%2Fwp%2Fv2%2Fcomments&post=16"}],"version-history":[{"count":7,"href":"https:\/\/hornisucha.knihovna.info\/index.php?rest_route=\/wp\/v2\/pages\/16\/revisions"}],"predecessor-version":[{"id":375,"href":"https:\/\/hornisucha.knihovna.info\/index.php?rest_route=\/wp\/v2\/pages\/16\/revisions\/375"}],"wp:attachment":[{"href":"https:\/\/hornisucha.knihovna.info\/index.php?rest_route=%2Fwp%2Fv2%2Fmedia&parent=16"}],"curies":[{"name":"wp","href":"https:\/\/api.w.org\/{rel}","templated":true}]}}