
{"id":154,"date":"2019-09-20T05:47:33","date_gmt":"2019-09-20T05:47:33","guid":{"rendered":"http:\/\/hornisucha2.knihovna.info\/?page_id=154"},"modified":"2025-03-17T12:27:41","modified_gmt":"2025-03-17T12:27:41","slug":"noc-s-andersenem","status":"publish","type":"page","link":"https:\/\/hornisucha.knihovna.info\/?page_id=154","title":{"rendered":"Noc s Andersenem"},"content":{"rendered":"<p style=\"text-align: center;\">Noc s Andersenem v roce 2025<\/p>\n<p style=\"text-align: center;\">po\u0159\u00e1d\u00e1 \u010desk\u00e1 \u0161kola,<\/p>\n<p style=\"text-align: center;\">dne 27. a 28.3.2025<\/p>\n<p style=\"text-align: center;\">v knihovn\u011b p\u0159iprav\u00edme pro d\u011bti besedu.<\/p>\n","protected":false},"excerpt":{"rendered":"<p>Noc s Andersenem v roce 2025 po\u0159\u00e1d\u00e1 \u010desk\u00e1 \u0161kola, dne 27. a 28.3.2025 v knihovn\u011b p\u0159iprav\u00edme pro d\u011bti besedu.<\/p>\n","protected":false},"author":1,"featured_media":0,"parent":143,"menu_order":0,"comment_status":"closed","ping_status":"closed","template":"","meta":{"footnotes":""},"class_list":["post-154","page","type-page","status-publish","hentry"],"_links":{"self":[{"href":"https:\/\/hornisucha.knihovna.info\/index.php?rest_route=\/wp\/v2\/pages\/154","targetHints":{"allow":["GET"]}}],"collection":[{"href":"https:\/\/hornisucha.knihovna.info\/index.php?rest_route=\/wp\/v2\/pages"}],"about":[{"href":"https:\/\/hornisucha.knihovna.info\/index.php?rest_route=\/wp\/v2\/types\/page"}],"author":[{"embeddable":true,"href":"https:\/\/hornisucha.knihovna.info\/index.php?rest_route=\/wp\/v2\/users\/1"}],"replies":[{"embeddable":true,"href":"https:\/\/hornisucha.knihovna.info\/index.php?rest_route=%2Fwp%2Fv2%2Fcomments&post=154"}],"version-history":[{"count":5,"href":"https:\/\/hornisucha.knihovna.info\/index.php?rest_route=\/wp\/v2\/pages\/154\/revisions"}],"predecessor-version":[{"id":447,"href":"https:\/\/hornisucha.knihovna.info\/index.php?rest_route=\/wp\/v2\/pages\/154\/revisions\/447"}],"up":[{"embeddable":true,"href":"https:\/\/hornisucha.knihovna.info\/index.php?rest_route=\/wp\/v2\/pages\/143"}],"wp:attachment":[{"href":"https:\/\/hornisucha.knihovna.info\/index.php?rest_route=%2Fwp%2Fv2%2Fmedia&parent=154"}],"curies":[{"name":"wp","href":"https:\/\/api.w.org\/{rel}","templated":true}]}}