
{"id":150,"date":"2019-09-20T05:46:32","date_gmt":"2019-09-20T05:46:32","guid":{"rendered":"http:\/\/hornisucha2.knihovna.info\/?page_id=150"},"modified":"2024-02-28T07:35:02","modified_gmt":"2024-02-28T07:35:02","slug":"listovani","status":"publish","type":"page","link":"https:\/\/hornisucha.knihovna.info\/?page_id=150","title":{"rendered":"Bookstart"},"content":{"rendered":"<p style=\"text-align: center;\"><strong>Bookstart \u2013 S\u00a0kn\u00ed\u017ekou do \u017eivota<\/strong><\/p>\n<p><a href=\"https:\/\/hornisucha.knihovna.info\/?attachment_id=95\" rel=\"attachment wp-att-95\"><img loading=\"lazy\" decoding=\"async\" class=\"aligncenter size-medium wp-image-95\" src=\"https:\/\/hornisucha.knihovna.info\/wp-content\/uploads\/2019\/06\/bookstart_logo-261x300.png\" alt=\"\" width=\"261\" height=\"300\" srcset=\"https:\/\/hornisucha.knihovna.info\/wp-content\/uploads\/2019\/06\/bookstart_logo-261x300.png 261w, https:\/\/hornisucha.knihovna.info\/wp-content\/uploads\/2019\/06\/bookstart_logo-768x882.png 768w, https:\/\/hornisucha.knihovna.info\/wp-content\/uploads\/2019\/06\/bookstart_logo-892x1024.png 892w, https:\/\/hornisucha.knihovna.info\/wp-content\/uploads\/2019\/06\/bookstart_logo.png 1474w\" sizes=\"auto, (max-width: 261px) 100vw, 261px\" \/><\/a><\/p>\n<p style=\"text-align: center;\">V\u00a0r\u00e1mci projektu Bookstart<\/p>\n<p style=\"text-align: center;\">po\u0159\u00e1d\u00e1me<\/p>\n<p style=\"text-align: center;\"><strong>Klub maminek s\u00a0d\u011btmi v\u00a0na\u0161\u00ed knihovn\u011b<\/strong><\/p>\n<p>&nbsp;<\/p>\n<p style=\"text-align: center;\">V\u00edce informac\u00ed o projektu z\u00edsk\u00e1te v\u00a0knihovn\u011b a na webov\u00fdch str\u00e1nk\u00e1ch projektu &#8211; <a href=\"http:\/\/www.sknizkoudozivota.cz\/\">www.sknizkoudozivota.cz\/<\/a>.<\/p>\n<p style=\"text-align: center;\"><strong>Obecn\u00ed knihovna v Horn\u00ed Such\u00e9 <\/strong>Sportovn\u00ed 227 735 35 Horn\u00ed Such\u00e1<\/p>\n<p style=\"text-align: center;\">Tel.: +420 596 425 470<br \/>\ne-mail: <a href=\"mailto:knihovna@hornisucha.cz\">knihovna@hornisucha.cz<\/a><\/p>\n<p><a href=\"https:\/\/hornisucha.knihovna.info\/?fbclid=IwAR1XK2UHIzkQ19CVdR_fXkSF4Jq3MP-553k9fuf0u05v9ADipaQBqX-NWTc\">https:\/\/hornisucha.knihovna.info\/<\/a><\/p>\n","protected":false},"excerpt":{"rendered":"<p>Bookstart \u2013 S\u00a0kn\u00ed\u017ekou do \u017eivota V\u00a0r\u00e1mci projektu Bookstart po\u0159\u00e1d\u00e1me Klub maminek s\u00a0d\u011btmi v\u00a0na\u0161\u00ed knihovn\u011b &nbsp; V\u00edce informac\u00ed o projektu z\u00edsk\u00e1te v\u00a0knihovn\u011b a na webov\u00fdch str\u00e1nk\u00e1ch projektu &#8211; www.sknizkoudozivota.cz\/. Obecn\u00ed knihovna v Horn\u00ed Such\u00e9 Sportovn\u00ed 227 735 35 Horn\u00ed Such\u00e1 Tel.: &hellip; <a href=\"https:\/\/hornisucha.knihovna.info\/?page_id=150\">Cel\u00fd p\u0159\u00edsp\u011bvek <span class=\"meta-nav\">&rarr;<\/span><\/a><\/p>\n","protected":false},"author":1,"featured_media":0,"parent":143,"menu_order":0,"comment_status":"closed","ping_status":"closed","template":"","meta":{"footnotes":""},"class_list":["post-150","page","type-page","status-publish","hentry"],"_links":{"self":[{"href":"https:\/\/hornisucha.knihovna.info\/index.php?rest_route=\/wp\/v2\/pages\/150","targetHints":{"allow":["GET"]}}],"collection":[{"href":"https:\/\/hornisucha.knihovna.info\/index.php?rest_route=\/wp\/v2\/pages"}],"about":[{"href":"https:\/\/hornisucha.knihovna.info\/index.php?rest_route=\/wp\/v2\/types\/page"}],"author":[{"embeddable":true,"href":"https:\/\/hornisucha.knihovna.info\/index.php?rest_route=\/wp\/v2\/users\/1"}],"replies":[{"embeddable":true,"href":"https:\/\/hornisucha.knihovna.info\/index.php?rest_route=%2Fwp%2Fv2%2Fcomments&post=150"}],"version-history":[{"count":5,"href":"https:\/\/hornisucha.knihovna.info\/index.php?rest_route=\/wp\/v2\/pages\/150\/revisions"}],"predecessor-version":[{"id":355,"href":"https:\/\/hornisucha.knihovna.info\/index.php?rest_route=\/wp\/v2\/pages\/150\/revisions\/355"}],"up":[{"embeddable":true,"href":"https:\/\/hornisucha.knihovna.info\/index.php?rest_route=\/wp\/v2\/pages\/143"}],"wp:attachment":[{"href":"https:\/\/hornisucha.knihovna.info\/index.php?rest_route=%2Fwp%2Fv2%2Fmedia&parent=150"}],"curies":[{"name":"wp","href":"https:\/\/api.w.org\/{rel}","templated":true}]}}