
{"id":120,"date":"2019-07-08T08:43:52","date_gmt":"2019-07-08T08:43:52","guid":{"rendered":"http:\/\/hornisucha2.knihovna.info\/?page_id=120"},"modified":"2025-01-16T11:01:44","modified_gmt":"2025-01-16T11:01:44","slug":"statistika-za-rok-2018","status":"publish","type":"page","link":"https:\/\/hornisucha.knihovna.info\/?page_id=120","title":{"rendered":"Obecn\u00ed knihovna v roce 2024"},"content":{"rendered":"<p><strong>Obecn\u00ed knihovna v Horn\u00ed Such\u00e9 v\u00a0roce 2024<\/strong><\/p>\n<p style=\"text-align: justify;\">Ve fondu knihovny bylo k\u00a031. 12. 2024 celkem 16 056 knih, z\u00a0toho 2 513 polsk\u00fdch. P\u0159\u00edr\u016fstek \u010dinil 661 knih, z\u00a0toho 116 polsk\u00fdch.\u00a0 Knihovna nyn\u00ed odeb\u00edr\u00e1 22 titul\u016f \u010dasopis\u016f. K\u00a0dispozici \u010dten\u00e1\u0159\u016fm bylo 240 \u010desk\u00fdch knih a 120 zvukov\u00fdch dokument\u016f z\u00a0\u010desk\u00e9ho region\u00e1ln\u00edho fondu KF a 150 polsk\u00fdch knih z\u00a0region\u00e1ln\u00edho fondu KC.<\/p>\n<p style=\"text-align: justify;\">Na n\u00e1kup knih a \u010dasopis\u016f v\u00a0roce 2024 bylo vyd\u00e1no 175 542,- K\u010d, z\u00a0toho 30 075,- K\u010d na polsk\u00e9 knihy a \u010dasopisy.<\/p>\n<p style=\"text-align: justify;\">Knihovnu nav\u0161t\u011bvovalo 487 \u010dten\u00e1\u0159\u016f, z\u00a0toho 248 d\u011bt\u00ed do 15 let, kte\u0159\u00ed si vyp\u016fj\u010dili celkem 15 797 knih. V\u00a0knihovn\u011b jsou pro u\u017eivatele k\u00a0dispozici 2 po\u010d\u00edta\u010de s\u00a0p\u0159\u00edstupem k\u00a0internetu, nab\u00edz\u00edme mo\u017enost tisku, kop\u00edrov\u00e1n\u00ed dokument\u016f. Meziknihovn\u00ed v\u00fdp\u016fj\u010dn\u00ed slu\u017ebu \u010dten\u00e1\u0159i vyu\u017e\u00edvaj\u00ed, bylo p\u016fj\u010deno 52 knih z\u00a0jin\u00fdch knihoven. Jin\u00fdm knihovn\u00e1m v\u00a0regionu jsme p\u016fj\u010dili 26 knih. \u010cten\u00e1\u0159i si tak\u00e9 p\u0159es knihovnu, p\u0159es aplikaci Palmknihy, vyp\u016fj\u010dili 53 e-knih.<\/p>\n<p style=\"text-align: justify;\">D\u011bti ni\u017e\u0161\u00edch t\u0159\u00edd \u010desk\u00e9 \u0161koly chod\u00ed pravideln\u011b v\u00a0r\u00e1mci liter\u00e1rn\u00ed v\u00fdchovy s\u00a0u\u010ditelkami p\u016fj\u010dovat knihy. D\u011btem v\u0161ech prvn\u00edch t\u0159\u00edd, \u010desk\u00e9 i polsk\u00e9 \u0161koly, knihovna uspo\u0159\u00e1dala Pasov\u00e1n\u00ed na \u010dten\u00e1\u0159e, v\u00a0\u010desk\u00e9 \u0161kole se spisovatelkou Zuzanou Posp\u00ed\u0161ilovou, pro polsk\u00e9 d\u011bti v\u00a0polsk\u00e9m odd\u011blen\u00ed Region\u00e1ln\u00ed knihovny Karvin\u00e1. S\u00a0besedami pro \u010desk\u00e9 d\u011bti p\u0159ijela i spisovatelka Ivona B\u0159ezinov\u00e1. Celkem jsme uspo\u0159\u00e1dali pro d\u011bti 44 besed a 1 knihovnickou lekci. Z\u00fa\u010dastnili jsme se celost\u00e1tn\u00edho projektu Kn\u00ed\u017eka pro prv\u0148\u00e1\u010dka. Z\u00a0dal\u0161\u00edch akc\u00ed uv\u00e1d\u00edm alespo\u0148 \u010dten\u00ed pro d\u011bti z Budul\u00ednku a 6 setk\u00e1n\u00ed v\u00a0r\u00e1mci projektu Bookstart \u2013 s\u00a0kn\u00ed\u017ekou do \u017eivota.<\/p>\n<p style=\"text-align: justify;\">\n<table>\n<tbody>\n<tr>\n<td width=\"102\">rok<\/td>\n<td width=\"102\">n\u00e1v\u0161t\u011bvn\u00edci celkem<\/td>\n<td width=\"102\">\u010dten\u00e1\u0159i<\/td>\n<td width=\"102\">z toho d\u011bti<\/td>\n<td width=\"102\">\u00a0v\u00fdp\u016fj\u010dky<\/td>\n<td width=\"102\">akce pro \u010dten\u00e1\u0159e<\/td>\n<\/tr>\n<tr>\n<td width=\"102\">2022<\/td>\n<td width=\"102\">4 470<\/td>\n<td width=\"102\">508<\/td>\n<td width=\"102\">260<\/td>\n<td width=\"102\">21 621<\/td>\n<td width=\"102\">32<\/td>\n<\/tr>\n<tr>\n<td width=\"102\">2023<\/td>\n<td width=\"102\">8 623<\/td>\n<td width=\"102\">590<\/td>\n<td width=\"102\">279<\/td>\n<td width=\"102\">15 511<\/td>\n<td width=\"102\">30<\/td>\n<\/tr>\n<tr>\n<td width=\"102\">2024<\/td>\n<td width=\"102\">8 730<\/td>\n<td width=\"102\">487<\/td>\n<td width=\"102\">248<\/td>\n<td width=\"102\">15 797<\/td>\n<td width=\"102\">45<\/td>\n<\/tr>\n<\/tbody>\n<\/table>\n<p>&nbsp;<\/p>\n<table>\n<tbody>\n<tr>\n<td width=\"102\">rok<\/td>\n<td width=\"102\">knihy celkem<\/td>\n<td width=\"102\">polsk\u00e9 knihy<\/td>\n<td width=\"102\">\u010dasopisy<\/td>\n<td width=\"102\">nov\u00e9 knihy<\/td>\n<td width=\"102\">\u010d\u00e1stka K\u010d<\/td>\n<\/tr>\n<tr>\n<td width=\"102\">2022<\/td>\n<td width=\"102\">17 421<\/td>\n<td width=\"102\">2 739<\/td>\n<td width=\"102\">15<\/td>\n<td width=\"102\">527<\/td>\n<td width=\"102\">138 746,-<\/td>\n<\/tr>\n<tr>\n<td width=\"102\">2023<\/td>\n<td width=\"102\">15 797<\/td>\n<td width=\"102\">2 422<\/td>\n<td width=\"102\">20<\/td>\n<td width=\"102\">611<\/td>\n<td width=\"102\">176\u00a0203,-<\/td>\n<\/tr>\n<tr>\n<td width=\"102\">2024<\/td>\n<td width=\"102\">16 056<\/td>\n<td width=\"102\">2513<\/td>\n<td width=\"102\">22<\/td>\n<td width=\"102\">661<\/td>\n<td width=\"102\">175\u00a0542,-<\/td>\n<\/tr>\n<\/tbody>\n<\/table>\n<p>&nbsp;<\/p>\n","protected":false},"excerpt":{"rendered":"<p>Obecn\u00ed knihovna v Horn\u00ed Such\u00e9 v\u00a0roce 2024 Ve fondu knihovny bylo k\u00a031. 12. 2024 celkem 16 056 knih, z\u00a0toho 2 513 polsk\u00fdch. P\u0159\u00edr\u016fstek \u010dinil 661 knih, z\u00a0toho 116 polsk\u00fdch.\u00a0 Knihovna nyn\u00ed odeb\u00edr\u00e1 22 titul\u016f \u010dasopis\u016f. K\u00a0dispozici \u010dten\u00e1\u0159\u016fm bylo 240 \u010desk\u00fdch &hellip; <a href=\"https:\/\/hornisucha.knihovna.info\/?page_id=120\">Cel\u00fd p\u0159\u00edsp\u011bvek <span class=\"meta-nav\">&rarr;<\/span><\/a><\/p>\n","protected":false},"author":1,"featured_media":0,"parent":20,"menu_order":4,"comment_status":"closed","ping_status":"closed","template":"","meta":{"footnotes":""},"class_list":["post-120","page","type-page","status-publish","hentry"],"_links":{"self":[{"href":"https:\/\/hornisucha.knihovna.info\/index.php?rest_route=\/wp\/v2\/pages\/120","targetHints":{"allow":["GET"]}}],"collection":[{"href":"https:\/\/hornisucha.knihovna.info\/index.php?rest_route=\/wp\/v2\/pages"}],"about":[{"href":"https:\/\/hornisucha.knihovna.info\/index.php?rest_route=\/wp\/v2\/types\/page"}],"author":[{"embeddable":true,"href":"https:\/\/hornisucha.knihovna.info\/index.php?rest_route=\/wp\/v2\/users\/1"}],"replies":[{"embeddable":true,"href":"https:\/\/hornisucha.knihovna.info\/index.php?rest_route=%2Fwp%2Fv2%2Fcomments&post=120"}],"version-history":[{"count":5,"href":"https:\/\/hornisucha.knihovna.info\/index.php?rest_route=\/wp\/v2\/pages\/120\/revisions"}],"predecessor-version":[{"id":438,"href":"https:\/\/hornisucha.knihovna.info\/index.php?rest_route=\/wp\/v2\/pages\/120\/revisions\/438"}],"up":[{"embeddable":true,"href":"https:\/\/hornisucha.knihovna.info\/index.php?rest_route=\/wp\/v2\/pages\/20"}],"wp:attachment":[{"href":"https:\/\/hornisucha.knihovna.info\/index.php?rest_route=%2Fwp%2Fv2%2Fmedia&parent=120"}],"curies":[{"name":"wp","href":"https:\/\/api.w.org\/{rel}","templated":true}]}}