
{"id":12,"date":"2012-01-10T19:48:07","date_gmt":"2012-01-10T19:48:07","guid":{"rendered":"http:\/\/hornisucha2.knihovna.info\/?page_id=12"},"modified":"2023-04-24T10:15:46","modified_gmt":"2023-04-24T10:15:46","slug":"cenik","status":"publish","type":"page","link":"https:\/\/hornisucha.knihovna.info\/?page_id=12","title":{"rendered":"Cen\u00edk"},"content":{"rendered":"<table border=\"0\" width=\"602\" cellspacing=\"0\" cellpadding=\"0\">\n<tbody>\n<tr>\n<td colspan=\"7\" width=\"602\" height=\"27\">\n<table width=\"605\">\n<tbody>\n<tr>\n<td colspan=\"2\" width=\"603\"><strong>P\u0159\u00edloha \u010d.1 ke Knihovn\u00edmu \u0159\u00e1du Obecn\u00ed knihovny v Horn\u00ed Such\u00e9<\/strong><\/td>\n<\/tr>\n<tr>\n<td colspan=\"2\" width=\"603\"><\/td>\n<\/tr>\n<tr>\n<td colspan=\"2\" width=\"603\"><strong>Cen\u00edk poplatk\u016f a slu\u017eeb<\/strong><\/td>\n<\/tr>\n<tr>\n<td colspan=\"2\" width=\"603\"><\/td>\n<\/tr>\n<tr>\n<td colspan=\"2\" width=\"603\"><strong>Poplatek za registraci na 1 rok<\/strong><\/td>\n<\/tr>\n<tr>\n<td width=\"324\">\u00a0&#8211; d\u011bti a ml\u00e1de\u017e, student, d\u016fchodce<\/td>\n<td width=\"279\">20,-K\u010d<\/td>\n<\/tr>\n<tr>\n<td width=\"324\">\u00a0&#8211; dosp\u011bl\u00fd<\/td>\n<td width=\"279\">80,-K\u010d<\/td>\n<\/tr>\n<tr>\n<td width=\"324\"><\/td>\n<td width=\"279\"><\/td>\n<\/tr>\n<tr>\n<td width=\"324\">Poplatek p\u0159i jednor\u00e1zov\u00e9 v\u00fdp\u016fj\u010dce<\/td>\n<td width=\"279\">30,-K\u010d<\/td>\n<\/tr>\n<tr>\n<td width=\"324\">Poplatek p\u0159i zasl\u00e1n\u00ed &#8211; oby\u010dejn\u00e9 psan\u00ed<\/td>\n<td width=\"279\">30,-K\u010d<\/td>\n<\/tr>\n<tr>\n<td width=\"324\">Poplatek p\u0159i zasl\u00e1n\u00ed &#8211; doporu\u010den\u00e9 psan\u00ed<\/td>\n<td width=\"279\">70,-K\u010d<\/td>\n<\/tr>\n<tr>\n<td width=\"324\">Poplatek p\u0159i ztr\u00e1t\u011b \u010dten\u00e1\u0159sk\u00e9ho pr\u016fkazu<\/td>\n<td width=\"279\">50,-K\u010d<\/td>\n<\/tr>\n<tr>\n<td colspan=\"2\" width=\"603\"><\/td>\n<\/tr>\n<tr>\n<td colspan=\"2\" width=\"603\"><strong>Zpozdn\u00e9 &#8211; <\/strong>poplatek za opo\u017ed\u011bn\u00e9 vr\u00e1cen\u00ed dokument\u016f, v\u0161echny kategorie \u010dten\u00e1\u0159\u016f<\/td>\n<\/tr>\n<tr>\n<td width=\"324\">Pevn\u00e1 \u010d\u00e1stka<\/td>\n<td width=\"279\">1,-K\u010d \/1 dokument\/1 t\u00fdden<\/td>\n<\/tr>\n<tr>\n<td width=\"324\"><\/td>\n<td width=\"279\"><\/td>\n<\/tr>\n<tr>\n<td width=\"324\">Po\u0161kozen\u00ed knihy<\/td>\n<td width=\"279\">\u00a050,-K\u010d<\/td>\n<\/tr>\n<tr>\n<td width=\"324\">Ztr\u00e1ta knihy<\/td>\n<td width=\"279\">\u00a080,-K\u010d + cena knihy<\/td>\n<\/tr>\n<tr>\n<td width=\"324\">Po\u0161kozen\u00ed \u010dasopisu<\/td>\n<td width=\"279\">\u00a020,-K\u010d<\/td>\n<\/tr>\n<tr>\n<td width=\"324\">Ztr\u00e1ta \u010dasopisu<\/td>\n<td width=\"279\">\u00a020,-K\u010d + cena \u010dasopisu<\/td>\n<\/tr>\n<tr>\n<td width=\"324\">Po\u0161kozen\u00ed \u010d\u00e1rov\u00e9ho k\u00f3du<\/td>\n<td width=\"279\">\u00a020,-K\u010d<\/td>\n<\/tr>\n<tr>\n<td width=\"324\"><\/td>\n<td width=\"279\"><\/td>\n<\/tr>\n<tr>\n<td width=\"324\"><strong>Ostatn\u00ed slu\u017eby<\/strong><\/td>\n<td width=\"279\"><\/td>\n<\/tr>\n<tr>\n<td width=\"324\">Tisk, kop\u00edrov\u00e1n\u00ed A4<\/td>\n<td width=\"279\">\u00a0 3,-K\u010d\/strana<\/td>\n<\/tr>\n<tr>\n<td width=\"324\">Tisk, kop\u00edrov\u00e1n\u00ed A4 barevn\u00fd text<\/td>\n<td width=\"279\">\u00a0 5,-K\u010d\/strana<\/td>\n<\/tr>\n<tr>\n<td width=\"324\">Tisk, kop\u00edrov\u00e1n\u00ed A4 barevn\u00fd obr\u00e1zek<\/td>\n<td width=\"279\">\u00a018,-K\u010d\/strana<\/td>\n<\/tr>\n<tr>\n<td width=\"324\">Skenov\u00e1n\u00ed<\/td>\n<td width=\"279\">\u00a0\u00a0 3,-K\u010d\/strana<\/td>\n<\/tr>\n<tr>\n<td width=\"324\">Prodej pohlednic<\/td>\n<td width=\"279\">\u00a0\u00a0 6,-K\u010d<\/td>\n<\/tr>\n<tr>\n<td width=\"324\">Prodej knihy Horn\u00ed Such\u00e1<\/td>\n<td width=\"279\">110,-K\u010d<\/td>\n<\/tr>\n<tr>\n<td width=\"324\">Prodej vy\u0159azen\u00fdch knih<\/td>\n<td width=\"279\">\u00a0\u00a0\u00a0 6,-K\u010d<\/td>\n<\/tr>\n<tr>\n<td width=\"324\"><\/td>\n<td width=\"279\"><\/td>\n<\/tr>\n<tr>\n<td width=\"324\"><strong>Meziknihovn\u00ed v\u00fdp\u016fj\u010dn\u00ed slu\u017eba <\/strong><\/td>\n<td width=\"279\"><\/td>\n<\/tr>\n<tr>\n<td width=\"324\">plat\u00ed se po\u0161tovn\u00e9, poji\u0161t\u011bn\u00ed knih, baln\u00e9<\/td>\n<td width=\"279\"><\/td>\n<\/tr>\n<tr>\n<td width=\"324\">\u00a0&#8211; knihy z karvinsk\u00e9ho regionu<\/td>\n<td width=\"279\">\u00a0 10,-K\u010d<\/td>\n<\/tr>\n<tr>\n<td width=\"324\">\u00a0&#8211; knihy z cel\u00e9 \u010cR<\/td>\n<td width=\"279\">150,-K\u010d<\/td>\n<\/tr>\n<tr>\n<td width=\"324\"><\/td>\n<td width=\"279\"><\/td>\n<\/tr>\n<tr>\n<td width=\"324\">Platnost od 1.5.2023<\/td>\n<td width=\"279\">Ing. Jan Lipner, starosta obce, v.r.<\/td>\n<\/tr>\n<\/tbody>\n<\/table>\n<\/td>\n<\/tr>\n<tr>\n<td height=\"25\"><\/td>\n<td><\/td>\n<td><\/td>\n<td><\/td>\n<td><\/td>\n<td><\/td>\n<td><\/td>\n<\/tr>\n<tr>\n<td colspan=\"4\" height=\"27\"><\/td>\n<td><\/td>\n<td><\/td>\n<td><\/td>\n<\/tr>\n<tr>\n<td height=\"21\"><\/td>\n<td><\/td>\n<td><\/td>\n<td><\/td>\n<td><\/td>\n<td><\/td>\n<td><\/td>\n<\/tr>\n<tr>\n<td colspan=\"5\" height=\"25\"><\/td>\n<td><\/td>\n<td><\/td>\n<\/tr>\n<tr>\n<td colspan=\"6\" height=\"21\"><\/td>\n<td><\/td>\n<\/tr>\n<tr>\n<td colspan=\"6\" height=\"21\"><\/td>\n<td><\/td>\n<\/tr>\n<tr>\n<td height=\"21\"><\/td>\n<td><\/td>\n<td><\/td>\n<td><\/td>\n<td><\/td>\n<td><\/td>\n<td><\/td>\n<\/tr>\n<tr>\n<td colspan=\"6\" height=\"25\"><\/td>\n<td><\/td>\n<\/tr>\n<tr>\n<td height=\"21\"><\/td>\n<td><\/td>\n<td><\/td>\n<td><\/td>\n<td><\/td>\n<td><\/td>\n<td><\/td>\n<\/tr>\n<tr>\n<td colspan=\"4\" height=\"25\"><\/td>\n<td><\/td>\n<td><\/td>\n<td><\/td>\n<\/tr>\n<tr>\n<td height=\"21\"><\/td>\n<td><\/td>\n<td><\/td>\n<td><\/td>\n<td><\/td>\n<td><\/td>\n<td><\/td>\n<\/tr>\n<tr>\n<td colspan=\"6\" height=\"25\"><\/td>\n<td><\/td>\n<\/tr>\n<tr>\n<td height=\"21\"><\/td>\n<td><\/td>\n<td><\/td>\n<td><\/td>\n<td><\/td>\n<td><\/td>\n<td><\/td>\n<\/tr>\n<tr>\n<td colspan=\"7\" height=\"25\"><\/td>\n<\/tr>\n<tr>\n<td colspan=\"6\" height=\"21\"><\/td>\n<td><\/td>\n<\/tr>\n<tr>\n<td colspan=\"6\" height=\"21\"><\/td>\n<td><\/td>\n<\/tr>\n<tr>\n<td colspan=\"6\" height=\"21\"><\/td>\n<td><\/td>\n<\/tr>\n<tr>\n<td colspan=\"6\" height=\"21\"><\/td>\n<td><\/td>\n<\/tr>\n<tr>\n<td height=\"21\"><\/td>\n<td><\/td>\n<td><\/td>\n<td><\/td>\n<td><\/td>\n<td><\/td>\n<td><\/td>\n<\/tr>\n<tr>\n<td colspan=\"7\" height=\"25\"><\/td>\n<\/tr>\n<tr>\n<td colspan=\"6\" height=\"21\"><\/td>\n<td><\/td>\n<\/tr>\n<tr>\n<td colspan=\"6\" height=\"21\"><\/td>\n<td><\/td>\n<\/tr>\n<tr>\n<td colspan=\"6\" height=\"21\"><\/td>\n<td><\/td>\n<\/tr>\n<tr>\n<td colspan=\"6\" height=\"21\"><\/td>\n<td><\/td>\n<\/tr>\n<tr>\n<td height=\"21\"><\/td>\n<td><\/td>\n<td><\/td>\n<td><\/td>\n<td><\/td>\n<td><\/td>\n<td><\/td>\n<\/tr>\n<tr>\n<td colspan=\"7\" height=\"25\"><\/td>\n<\/tr>\n<tr>\n<td colspan=\"6\" height=\"21\"><\/td>\n<td><\/td>\n<\/tr>\n<tr>\n<td colspan=\"6\" height=\"21\"><\/td>\n<td><\/td>\n<\/tr>\n<tr>\n<td colspan=\"6\" height=\"21\"><\/td>\n<td><\/td>\n<\/tr>\n<tr>\n<td colspan=\"6\" height=\"21\"><\/td>\n<td><\/td>\n<\/tr>\n<tr>\n<td height=\"21\"><\/td>\n<td><\/td>\n<td><\/td>\n<td><\/td>\n<td><\/td>\n<td><\/td>\n<td><\/td>\n<\/tr>\n<tr>\n<td colspan=\"7\" height=\"25\"><\/td>\n<\/tr>\n<tr>\n<td colspan=\"6\" height=\"21\"><\/td>\n<td><\/td>\n<\/tr>\n<tr>\n<td colspan=\"6\" height=\"21\"><\/td>\n<td><\/td>\n<\/tr>\n<tr>\n<td colspan=\"6\" height=\"21\"><\/td>\n<td><\/td>\n<\/tr>\n<tr>\n<td colspan=\"6\" height=\"21\"><\/td>\n<td><\/td>\n<\/tr>\n<tr>\n<td height=\"21\"><\/td>\n<td><\/td>\n<td><\/td>\n<td><\/td>\n<td><\/td>\n<td><\/td>\n<td><\/td>\n<\/tr>\n<tr>\n<td colspan=\"2\" height=\"21\"><\/td>\n<td><\/td>\n<td><\/td>\n<td><\/td>\n<td><\/td>\n<td><\/td>\n<\/tr>\n<tr>\n<td colspan=\"2\" height=\"21\"><\/td>\n<td><\/td>\n<td><\/td>\n<td><\/td>\n<td><\/td>\n<td><\/td>\n<\/tr>\n<tr>\n<td colspan=\"2\" height=\"21\"><\/td>\n<td><\/td>\n<td><\/td>\n<td><\/td>\n<td><\/td>\n<td><\/td>\n<\/tr>\n<tr>\n<td colspan=\"2\" height=\"21\"><\/td>\n<td><\/td>\n<td><\/td>\n<td><\/td>\n<td><\/td>\n<td><\/td>\n<\/tr>\n<tr>\n<td colspan=\"3\" height=\"21\"><\/td>\n<td><\/td>\n<td><\/td>\n<td><\/td>\n<td><\/td>\n<\/tr>\n<tr>\n<td height=\"21\"><\/td>\n<td><\/td>\n<td><\/td>\n<td><\/td>\n<td><\/td>\n<td><\/td>\n<td><\/td>\n<\/tr>\n<tr>\n<td height=\"21\"><\/td>\n<td><\/td>\n<td><\/td>\n<td><\/td>\n<td><\/td>\n<td><\/td>\n<td><\/td>\n<\/tr>\n<tr>\n<td height=\"21\"><\/td>\n<td><\/td>\n<td><\/td>\n<td><\/td>\n<td><\/td>\n<td><\/td>\n<td><\/td>\n<\/tr>\n<tr>\n<td colspan=\"2\" height=\"25\"><\/td>\n<td><\/td>\n<td><\/td>\n<td><\/td>\n<td><\/td>\n<td><\/td>\n<\/tr>\n<tr>\n<td height=\"21\"><\/td>\n<td><\/td>\n<td><\/td>\n<td><\/td>\n<td><\/td>\n<td><\/td>\n<td><\/td>\n<\/tr>\n<tr>\n<td colspan=\"2\" height=\"21\"><\/td>\n<td><\/td>\n<td><\/td>\n<td><\/td>\n<td><\/td>\n<td><\/td>\n<\/tr>\n<tr>\n<td colspan=\"4\" height=\"21\"><\/td>\n<td><\/td>\n<td><\/td>\n<td><\/td>\n<\/tr>\n<tr>\n<td colspan=\"4\" height=\"21\"><\/td>\n<td><\/td>\n<td><\/td>\n<td><\/td>\n<\/tr>\n<tr>\n<td colspan=\"2\" height=\"21\"><\/td>\n<td><\/td>\n<td><\/td>\n<td><\/td>\n<td><\/td>\n<td><\/td>\n<\/tr>\n<tr>\n<td colspan=\"2\" height=\"21\"><\/td>\n<td><\/td>\n<td><\/td>\n<td><\/td>\n<td><\/td>\n<td><\/td>\n<\/tr>\n<tr>\n<td colspan=\"6\" height=\"21\"><\/td>\n<td><\/td>\n<\/tr>\n<tr>\n<td colspan=\"3\" height=\"21\"><\/td>\n<td><\/td>\n<td><\/td>\n<td><\/td>\n<td><\/td>\n<\/tr>\n<tr>\n<td height=\"21\"><\/td>\n<td><\/td>\n<td><\/td>\n<td><\/td>\n<td><\/td>\n<td><\/td>\n<td><\/td>\n<\/tr>\n<tr>\n<td colspan=\"6\" height=\"21\"><\/td>\n<td><\/td>\n<\/tr>\n<tr>\n<td colspan=\"2\" height=\"21\"><\/td>\n<td><\/td>\n<td><\/td>\n<td><\/td>\n<td><\/td>\n<td><\/td>\n<\/tr>\n<tr>\n<td colspan=\"5\" height=\"21\"><\/td>\n<td><\/td>\n<td><\/td>\n<\/tr>\n<tr>\n<td colspan=\"5\" height=\"21\"><\/td>\n<td><\/td>\n<td><\/td>\n<\/tr>\n<tr>\n<td height=\"21\"><\/td>\n<td><\/td>\n<td><\/td>\n<td><\/td>\n<td><\/td>\n<td><\/td>\n<td><\/td>\n<\/tr>\n<tr>\n<td height=\"21\"><\/td>\n<td><\/td>\n<td><\/td>\n<td><\/td>\n<td><\/td>\n<td><\/td>\n<td><\/td>\n<\/tr>\n<tr>\n<td height=\"21\"><\/td>\n<td><\/td>\n<td><\/td>\n<td><\/td>\n<td><\/td>\n<td><\/td>\n<td><\/td>\n<\/tr>\n<tr>\n<td height=\"21\"><\/td>\n<td><\/td>\n<td><\/td>\n<td><\/td>\n<td><\/td>\n<td><\/td>\n<td><\/td>\n<\/tr>\n<tr>\n<td height=\"21\"><\/td>\n<td><\/td>\n<td><\/td>\n<td><\/td>\n<td><\/td>\n<td><\/td>\n<td><\/td>\n<\/tr>\n<tr>\n<td colspan=\"3\" height=\"21\"><\/td>\n<td><\/td>\n<td><\/td>\n<td><\/td>\n<td><\/td>\n<\/tr>\n<tr>\n<td height=\"21\"><\/td>\n<td><\/td>\n<td><\/td>\n<td><\/td>\n<td><\/td>\n<td><\/td>\n<td><\/td>\n<\/tr>\n<tr>\n<td height=\"21\"><\/td>\n<td><\/td>\n<td><\/td>\n<td><\/td>\n<td><\/td>\n<td><\/td>\n<td><\/td>\n<\/tr>\n<tr>\n<td height=\"21\"><\/td>\n<td><\/td>\n<td><\/td>\n<td><\/td>\n<td><\/td>\n<td><\/td>\n<td><\/td>\n<\/tr>\n<\/tbody>\n<\/table>\n","protected":false},"excerpt":{"rendered":"<p>P\u0159\u00edloha \u010d.1 ke Knihovn\u00edmu \u0159\u00e1du Obecn\u00ed knihovny v Horn\u00ed Such\u00e9 Cen\u00edk poplatk\u016f a slu\u017eeb Poplatek za registraci na 1 rok \u00a0&#8211; d\u011bti a ml\u00e1de\u017e, student, d\u016fchodce 20,-K\u010d \u00a0&#8211; dosp\u011bl\u00fd 80,-K\u010d Poplatek p\u0159i jednor\u00e1zov\u00e9 v\u00fdp\u016fj\u010dce 30,-K\u010d Poplatek p\u0159i zasl\u00e1n\u00ed &#8211; oby\u010dejn\u00e9 &hellip; <a href=\"https:\/\/hornisucha.knihovna.info\/?page_id=12\">Cel\u00fd p\u0159\u00edsp\u011bvek <span class=\"meta-nav\">&rarr;<\/span><\/a><\/p>\n","protected":false},"author":1,"featured_media":0,"parent":0,"menu_order":0,"comment_status":"closed","ping_status":"closed","template":"","meta":{"footnotes":""},"class_list":["post-12","page","type-page","status-publish","hentry"],"_links":{"self":[{"href":"https:\/\/hornisucha.knihovna.info\/index.php?rest_route=\/wp\/v2\/pages\/12","targetHints":{"allow":["GET"]}}],"collection":[{"href":"https:\/\/hornisucha.knihovna.info\/index.php?rest_route=\/wp\/v2\/pages"}],"about":[{"href":"https:\/\/hornisucha.knihovna.info\/index.php?rest_route=\/wp\/v2\/types\/page"}],"author":[{"embeddable":true,"href":"https:\/\/hornisucha.knihovna.info\/index.php?rest_route=\/wp\/v2\/users\/1"}],"replies":[{"embeddable":true,"href":"https:\/\/hornisucha.knihovna.info\/index.php?rest_route=%2Fwp%2Fv2%2Fcomments&post=12"}],"version-history":[{"count":6,"href":"https:\/\/hornisucha.knihovna.info\/index.php?rest_route=\/wp\/v2\/pages\/12\/revisions"}],"predecessor-version":[{"id":374,"href":"https:\/\/hornisucha.knihovna.info\/index.php?rest_route=\/wp\/v2\/pages\/12\/revisions\/374"}],"wp:attachment":[{"href":"https:\/\/hornisucha.knihovna.info\/index.php?rest_route=%2Fwp%2Fv2%2Fmedia&parent=12"}],"curies":[{"name":"wp","href":"https:\/\/api.w.org\/{rel}","templated":true}]}}