
{"id":100,"date":"2019-06-10T11:36:22","date_gmt":"2019-06-10T11:36:22","guid":{"rendered":"http:\/\/hornisucha2.knihovna.info\/?page_id=100"},"modified":"2023-07-12T05:52:27","modified_gmt":"2023-07-12T05:52:27","slug":"historie-obecni-knihovny-v-horni-suche","status":"publish","type":"page","link":"https:\/\/hornisucha.knihovna.info\/?page_id=100","title":{"rendered":"Historie Obecn\u00ed knihovny v Horn\u00ed Such\u00e9"},"content":{"rendered":"<p style=\"text-align: justify;\">Knihovny p\u0159\u00edstupn\u00e9 \u0161ir\u0161\u00edmu okruhu ve\u0159ejnosti za\u010daly v Horn\u00ed Such\u00e9 postupn\u011b vznikat ji\u017e ve druh\u00e9 polovin\u011b 19. stolet\u00ed. Nejv\u00fdznamn\u011bj\u0161\u00ed \u00falohu sehr\u00e1la \u010d\u00edt\u00e1rna knih a \u010dasopis\u016f u K\u00f3\u0142ka Katolicko-rolniczego i O\u015bwiaty zalo\u017een\u00e1 v roce 1883. D\u00e1le ob\u010dan\u016fm slou\u017eily knihovny r\u016fzn\u00fdch z\u00e1jmov\u00fdch sdru\u017een\u00ed a spolk\u016f, nap\u0159\u00edklad Biblioteka Braterstwa, Macierzy Szkolnej a knihovna polsk\u00e9 \u0161koly.<\/p>\n<p style=\"text-align: justify;\">Prvn\u00ed Ve\u0159ejn\u00e1 knihovna v Horn\u00ed Such\u00e9 byla zalo\u017eena v roce 1923. \u201e Obie biblioteki (polsk\u0105 i czesk\u0105) prowadzi\u0142 sekretarz Anton Valou\u0161ek. \u2026by\u0142a to de fakto jedna tylko biblioteka. Mia\u0142a bowiem jeden lokal, jedne godziny urz\u0119dowania i jednego bibliotekarza chocia\u017a mia\u0142a dwie szafy; jedn\u0105 z k\u015bia\u017akami polskimi, drug\u0105 z czeskimi. &#8220; (Ob\u011b knihovny, polskou i \u010deskou vedl knihovn\u00edk Anton Valou\u0161ek\u2026byla to ve skute\u010dnosti jen jedna knihovna. Byla na jednom m\u00edst\u011b, m\u011bla spole\u010dn\u00e9 v\u00fdp\u016fj\u010dn\u00ed hodiny a spole\u010dn\u00e9ho knihovn\u00edka, a\u010dkoli m\u011bla dv\u011b sk\u0159\u00edn\u011b; jednu s \u010desk\u00fdmi knihami a jednu s polsk\u00fdmi.) Pol\u0161t\u00ed \u010dten\u00e1\u0159i ale \u017e\u00e1dali polsk\u00e9ho knihovn\u00edka a zvl\u00e1\u0161tn\u00ed v\u00fdp\u016fj\u010dn\u00ed hodiny, co\u017e se rovnalo rozd\u011blen\u00ed knihovny na \u010deskou a polskou, proto byl 1. z\u00e1\u0159\u00ed 1928 jmenov\u00e1n polsk\u00fdm knihovn\u00edkem pan Henryk Trzaskalik V t\u00e9 dob\u011b m\u011bla (polsk\u00e1) knihovna sotva 400 svazk\u016f, a v roce 1939 ji\u017e 1111 svazk\u016f nejen polsk\u00e9 literatury, ale tak\u00e9 sv\u011btov\u00e9. Ro\u010dn\u00ed po\u010det v\u00fdp\u016fj\u010dek nep\u0159ekro\u010dil 2000, co\u017e bylo m\u00e1lo, na 2 214 ob\u010dan\u016f polsk\u00e9 n\u00e1rodnosti. Po\u010det knih v \u010desk\u00e9 knihovn\u011b nen\u00ed zn\u00e1m.<\/p>\n<p style=\"text-align: justify;\">B\u011bhem druh\u00e9 sv\u011btov\u00e9 v\u00e1lky byly \u010desk\u00e9 knihy zni\u010deny: \u201eW G\u00f3rnej Suchej spalili 7 ksi\u0119gozbior\u00f3w. Opr\u00f3cz biblioteki publicznej, trzy biblioteki 3-ch K\u00f3\u0142 Macierzy Szkolnej, bibliotke\u0119 Braterstwa, bibliotek\u0119 uczniowsk\u0105 oraz ksi\u0119gozbi\u00f3r wypo\u017eyczalni czeskiej. (V Horn\u00ed Such\u00e9 sp\u00e1lili sedm kni\u017en\u00edch sb\u00edrek. Krom\u011b ve\u0159ejn\u00e9 knihovny t\u0159i knihovny t\u0159\u00ed skupin Macierzy Szkolnej, knihovnu Braterstwa, \u0161koln\u00ed knihovnu a sb\u00edrku \u010desk\u00e9 knihovny.<\/p>\n<p style=\"text-align: justify;\">Po osvobozen\u00ed bylo nutno za\u010d\u00ednat od z\u00e1klad\u016f. \u010cesk\u00e9 odd\u011blen\u00ed knihovny bylo otev\u0159eno ji\u017e v roce 1945, polsk\u00e9 bylo otev\u0159eno v kv\u011btnu 1948. \u201eZ p\u0159edv\u00e1le\u010dn\u00e9 polsk\u00e9 knihovny, \u010d\u00edtaj\u00edc\u00ed 1.111 svazk\u016f, z\u016fstalo sotva n\u011bkolik knih\u2026.na udr\u017eov\u00e1n\u00ed knihovny plat\u00ed obec podle z\u00e1kona 3 K\u010ds na ka\u017ed\u00e9ho ob\u010dana, co\u017e \u010din\u00ed v na\u0161em p\u0159\u00edpad\u011b 12.000 K\u010d ro\u010dn\u011b. V sobotu 26. listopadu 1949 byla v D\u011blnick\u00e9m dom\u011b otev\u0159ena v\u00fdstava \u010desk\u00fdch a polsk\u00fdch knih. V\u00fdstava, kter\u00e1 trvala t\u0159i dny, t\u011b\u0161ila se velk\u00e9mu z\u00e1jmu ob\u010danstva, zejm\u00e9na t\u011bch nejmlad\u0161\u00edch. Roku 1951 je konstatov\u00e1no, \u017ee osv\u011btov\u00e1 pr\u00e1ce v Horn\u00ed Such\u00e9 rozv\u00edj\u00ed se pomalu, ale st\u00e1le. Knihovna m\u00e1 dva odd\u00edly, knihovna toho \u010dasu m\u00e1 780 knih, z toho 400 \u010desk\u00fdch a 380 polsk\u00fdch. Knihovnu nav\u0161t\u011bvuje 250 \u010dten\u00e1\u0159\u016f. M\u00edstn\u00ed spolek PZKO m\u00e1 svou vlastn\u00ed knihovnu se 483 knihami.<br \/>\nV roce 1956 \u010desk\u00e9 odd\u011blen\u00ed M\u00edstn\u00ed lidov\u00e9 knihovny nav\u0161t\u00edvilo celkem 3 603 \u010dten\u00e1\u0159\u016f a vyp\u016fj\u010dili si 7 578 svazk\u016f. Pravideln\u011b nav\u0161t\u011bvovalo \u010desk\u00e9 odd\u011blen\u00ed knihovny 356 \u010dten\u00e1\u0159\u016f, z toho je 173 \u010dten\u00e1\u0159\u016f ve v\u011bku do 14 let. Odd\u011blen\u00ed m\u00e1 celkem 1 828 svazk\u016f. P\u0159\u00edjmy od \u010dten\u00e1\u0159\u016f \u010dinily 1 414 K\u010d. Polsk\u00e9 odd\u011blen\u00ed nav\u0161t\u00edvilo 2 476 \u010dten\u00e1\u0159\u016f, kte\u0159\u00ed si vyp\u016fj\u010dili 4 815 svazk\u016f, odd\u011blen\u00ed m\u00e1 celkem 1 009 svazk\u016f. V roce 1958 do\u0161lo kone\u010dn\u011b k roz\u0161\u00ed\u0159en\u00ed m\u00edstnost\u00ed pro knihovnu, byly z\u00edsk\u00e1ny dal\u0161\u00ed dv\u011b m\u00edstnosti, kter\u00e9 byly spojeny s dosavadn\u00ed m\u00edstnost\u00ed a vhodn\u011b upraveny. V p\u0159edn\u00ed \u010d\u00e1sti takto upraven\u00e9 knihovny byla z\u0159\u00edzena \u010d\u00edt\u00e1rna.<br \/>\nV roce 1962 byla knihovna ve velmi \u0161patn\u00e9m stavu. V knihovn\u011b \u010desk\u00e9ho odd\u00edlu bylo 4 979 svazk\u016f. Za prvn\u00ed pololet\u00ed bylo vyp\u016fj\u010deno 14 879 knih a tyto knihy si vyp\u016fj\u010dilo 441 \u010dten\u00e1\u0159\u016f, z toho samotn\u00e9 ml\u00e1de\u017ee je 242 \u010dten\u00e1\u0159\u016f. V polsk\u00e9m odd\u00edle je celkem 2 575 knih, vyp\u016fj\u010deno za I. pololet\u00ed bylo 5 303 knih, tyto knihy si vyp\u016fj\u010dilo 308 \u010dten\u00e1\u0159\u016f, z toho ml\u00e1de\u017ee 167 \u010dten\u00e1\u0159\u016f. V\u00fdstavy knih budou instalov\u00e1ny v 9. a 10. m\u011bs\u00edci u M\u00edstn\u00ed lidov\u00e9 knihovny. Tyto v\u00fdstavy je nutno popularizovat tak\u00e9 m\u00edstn\u00edm rozhlasem\u2026V\u00fdznamnou \u00falohu v \u0161\u00ed\u0159en\u00ed kultury a osv\u011bty pln\u00ed lidov\u00e1 knihovna, kter\u00e1 m\u011bla k 31. prosinci 1964 celkem 6 515 \u010desk\u00fdch knih a 3 291 polsk\u00fdch kn\u00ed\u017eek. \u010cesk\u00e9 odd\u011blen\u00ed bylo otev\u0159eno 3 kr\u00e1t a polsk\u00e9 odd\u011blen\u00ed 2 kr\u00e1t v t\u00fddnu po t\u0159ech hodin\u00e1ch. V pr\u00e1ci s knihou uspo\u0159\u00e1dala knihovna 30 akc\u00ed, z toho 16 \u010desk\u00fdch a 14 polsk\u00fdch. Dob\u0159e prosperuj\u00edc\u00ed lidov\u00e1 knihovna \u0159e\u0161\u00ed pot\u00ed\u017ee s prostorami, kter\u00e9 neodpov\u00eddaj\u00ed po\u017eadavk\u016fm. Ne bez v\u00fdznamu byly v\u00fdstavky knih, organizovan\u00e9 lidovou knihovnou, polsk\u00fdm odd\u011blen\u00edm, a sice ve \u0161kol\u00e1ch, v knihovn\u011b a v D\u011blnick\u00e9m dom\u011b. Na \u010dty\u0159ech takov\u00fdch v\u00fdstavk\u00e1ch, kter\u00e9 nav\u0161t\u00edvilo 907 osob, byly vystaveny a prod\u00e1v\u00e1ny nejnov\u011bj\u0161\u00ed knihy. \u010cesk\u00e9 odd\u011blen\u00ed vystavuje t\u00fddn\u011b nejnov\u011bj\u0161\u00ed knihy v p\u016fj\u010dovn\u00ed dob\u011b, kter\u00fdch prod\u00e1 \u010dtvrtletn\u011b pr\u016fm\u011brn\u011b za 1 000 K\u010ds.<br \/>\nV roce 1965 knihovna dob\u0159e pln\u00ed sv\u00e9 posl\u00e1n\u00ed a vzpomeneme-li roku 1938 a 1939, kdy tato knihovna byla t\u00e9m\u011b\u0159 zni\u010dena, nutno \u0159\u00edci, \u017ee jej\u00ed dvacetilet\u00e1 \u010dinnost a jej\u00ed rozvoj j\u00ed slou\u017e\u00ed ke cti. O tom sv\u011bd\u010d\u00ed, \u017ee ob\u011b knihovny, tj. \u010desk\u00e1 i polsk\u00e1, byly vyhodnoceny v krajsk\u00e9 sout\u011b\u017ei velmi dob\u0159e s odm\u011bnou 500 K\u010ds. Z dal\u0161\u00edho hodnocen\u00ed\u00a0 v ministersk\u00e9 sout\u011b\u017ei ob\u011b knihovny musely vypadnout pro nevyhovuj\u00edc\u00ed m\u00edstnosti, kter\u00e9 jsou vlhk\u00e9 a tmav\u00e9. D\u00e1le v roce 1967 je konstatov\u00e1no, \u017ee p\u0159es ve\u0161ker\u00e9 \u00fasil\u00ed sm\u011brodatn\u00fdch \u010dinitel\u016f se dosud nepoda\u0159ilo p\u0159em\u00edstit knihovnu do vhodn\u011bj\u0161\u00edch m\u00edstnost\u00ed. Tento vlekl\u00fd probl\u00e9m m\u00e1 b\u00fdt vy\u0159e\u0161en v roce 1968, kdy m\u00e1 b\u00fdt knihovna p\u0159est\u011bhov\u00e1na do polsk\u00e9 \u010derven\u00e9 \u0161koly.<\/p>\n<p style=\"text-align: justify;\">A roku 1971 je ji\u017e uvedeno, \u017ee knihovna je um\u00edst\u011bna v prostorn\u00e9 a vhodn\u00e9 m\u00edstnosti (polsk\u00e9 \u010derven\u00e9 \u0161koly). V roce 1971 m\u011blo \u010desk\u00e9 odd\u011blen\u00ed 9 421 knih r\u016fzn\u00e9ho obsahu, po\u010det u\u017eivatel\u016f tohoto odd\u011blen\u00ed \u010d\u00edtal 419, z toho bylo 270 d\u011bt\u00ed a ml\u00e1de\u017ee. B\u011bhem roku bylo vyp\u016fj\u010deno 17 208 knih. V polsk\u00e9m odd\u011blen\u00ed bylo vyp\u016fj\u010deno 11 306 knih, byly uspo\u0159\u00e1d\u00e1ny v\u00fdstavky \u010desk\u00fdch i polsk\u00fdch knih.<\/p>\n<p style=\"text-align: justify;\">V letech 1975 a\u017e 1990 byla hornosu\u0161sk\u00e1 knihovna pobo\u010dkou M\u011bstsk\u00e9 knihovny Hav\u00ed\u0159ov, pokra\u010dovala ve sv\u00e9 \u010dinnosti, v budov\u011b polsk\u00e9 \u010derven\u00e9 \u0161koly. Fungovala jako p\u016fj\u010dovna pro d\u011bti i dosp\u011bl\u00e9, do fondu byly \u010desk\u00e9 i polsk\u00e9 knihy i \u010dasopisy pravideln\u011b dopl\u0148ov\u00e1ny. V dubnu roku 1995 M\u00edstn\u00ed hornosu\u0161sk\u00e1 knihovna vyhl\u00e1sila ve spolupr\u00e1ci s m\u00edstn\u00edmi \u0161kolami sout\u011b\u017e pod n\u00e1zvem \u201eMoje obec\u201c k 690. v\u00fdro\u010d\u00ed vzniku obce Horn\u00ed Such\u00e1. Z\u00fa\u010dastnilo se j\u00ed 110 d\u011bt\u00ed z \u010desk\u00e9 i polsk\u00e9 \u0161koly. Sout\u011b\u017e m\u011bla v\u011bdomostn\u00ed \u010d\u00e1st, kdy d\u011bti odpov\u00eddaly na anketn\u00ed ot\u00e1zky t\u00fdkaj\u00edc\u00ed se historie a sou\u010dasnosti obce Horn\u00ed Such\u00e1 a v\u00fdtvarnou \u010d\u00e1st, kdy odevzdaly kresby s t\u00e9matikou \u017eivota v obci. Byly vyhodnoceny nejlep\u0161\u00ed odpov\u011bdi a kresby, v\u00fdherci z\u00edskali v\u011bcn\u00e9 odm\u011bny, ostatn\u00ed obdr\u017eeli ceny \u00fat\u011bchy. V\u00fdtvarn\u00e9 pr\u00e1ce byly pot\u00e9 prezentov\u00e1ny na v\u00fdstav\u011b v kulturn\u00edm dom\u011b. Z dal\u0161\u00edch \u00fasp\u011b\u0161n\u00fdch akc\u00ed lze uv\u00e9st besedu se spisovatelkou Mark\u00e9tou Zinnerovou v roce 2003.<\/p>\n<p style=\"text-align: justify;\">Po osamostatn\u011bn\u00ed obce v roce 1991 knihovna p\u0159e\u0161la pod odborn\u00e9 veden\u00ed Okresn\u00ed knihovny Karvin\u00e1, pozd\u011bji region\u00e1ln\u00ed knihovny Karvin\u00e1. V roce 1996 do\u0161lo k transformaci ve\u0159ejn\u00fdch knihoven ve spr\u00e1v\u011b Region\u00e1ln\u00ed knihovny Karvin\u00e1, k 1. 4. 1996 p\u0159evzala knihovnu Obec Horn\u00ed Such\u00e1, knihovna je organiza\u010dn\u00ed slo\u017ekou obce. Od roku 2002 je knihovna p\u0159ipojena k internetov\u00e9 s\u00edti, od roku 2005 je pou\u017e\u00edv\u00e1n automatizovan\u00fd knihovn\u00ed syst\u00e9m Dawinci. U\u017eivatel\u016fm knihovny jsou k dispozici 2 studijn\u00ed m\u00edsta s po\u010d\u00edta\u010dem. Z d\u016fvodu rekonstrukce budovy, ve kter\u00e9 se knihovna nach\u00e1z\u00ed, byla knihovna\u00a0 v obdob\u00ed 2\/2020 a\u017e 6\/2021 uzav\u0159ena,\u00a0 od 7\/2021 do 1\/2023 byla do\u010dasn\u011b um\u00edst\u011bna v t\u011blocvi\u010dn\u011b \u010desk\u00e9 \u0161koly. Od 3\/2023 knihovna pracuje v nov\u00e9m automatizovan\u00e9m kni\u017en\u00edm syst\u00e9mu Koha.<\/p>\n<p style=\"text-align: justify;\">Od \u00fanora 2023 pokra\u010duje knihovna ve sv\u00e9 \u010dinnosti ve sv\u00fdch p\u016fvodn\u00edch prostor\u00e1ch na ulici Sportovn\u00ed 4\/227, v budov\u011b obecn\u00edho \u00fa\u0159adu. Star\u00e1 \u010derven\u00e1 polsk\u00e1 \u0161kola se prom\u011bnila v s\u00eddlo Obce Horn\u00ed Such\u00e1.<\/p>\n<p style=\"text-align: justify;\">Knihovna PZKO byla otev\u0159ena 4. z\u00e1\u0159\u00ed 1949, fungovala a\u017e do roku 1964, kdy byly knihy p\u0159ed\u00e1ny polsk\u00e9mu odd\u011blen\u00ed Obecn\u00ed knihovny, um\u00edst\u011bna byla nejprve v budov\u011b star\u00e9 fary, pozd\u011bji v budov\u011b PZKO. Knihovn\u00edkem PZKO byl pan Henryk Trzaskalik. V sou\u010dasn\u00e9 dob\u011b je polsk\u00fd kni\u017en\u00ed fond v hornosu\u0161sk\u00e9 knihovn\u011b pravideln\u011b dopl\u0148ov\u00e1n a obnovov\u00e1n, knihovna nab\u00edz\u00ed i \u010dasopisy v polsk\u00e9m jazyce.<\/p>\n<p style=\"text-align: justify;\">Do roku 1939 se um\u00edst\u011bn\u00ed knihovny zm\u011bnilo \u0161estkr\u00e1t a po v\u00e1lce zase \u010dty\u0159ikr\u00e1t. Z dostupn\u00fdch pramen\u016f, ani vypr\u00e1v\u011bn\u00ed pam\u011btn\u00edk\u016f se nepoda\u0159ilo zjistit, kde p\u0159esn\u011b knihovna s\u00eddlila. Od roku 1968 Obecn\u00ed knihovna s\u00eddl\u00ed na ulici Sportovn\u00ed, \u010d. p. 227 v centru obce. Prostory knihovny pro\u0161ly rekonstrukc\u00ed v roce 1999, v roce 2005 byly vybaveny nov\u00fdm n\u00e1bytkem. V roce 2022 do\u0161lo k \u010d\u00e1ste\u010dn\u00e9 modernizaci prostor knihovny.<\/p>\n<p style=\"text-align: justify;\">Jak u\u017e bylo uvedeno, knihovn\u00edkem polsk\u00e9 knihovny byl Henryk Trzaskalik a prvn\u00edm \u010desk\u00fdm knihovn\u00edkem Anton Valou\u0161ek. Po druh\u00e9 sv\u011btov\u00e9 v\u00e1lce vedli \u010deskou knihovnu v\u017edy u\u010ditel\u00e9 \u010desk\u00e9 \u0161koly p\u0159i sv\u00e9m zam\u011bstn\u00e1n\u00ed, nap\u0159\u00edklad Jan Ji\u0159\u00ed\u010dek, pan\u00ed Kobiersk\u00e1, Kud\u011blkov\u00e1, Ilona a Milan Ry\u0161kovi. V roce 1963 nastoupila do \u010desk\u00e9ho odd\u011blen\u00ed pan\u00ed Danu\u0161e Baronov\u00e1, kter\u00e1 po odchodu pana Trzaskalika v roce 1976 p\u0159evzala i polsk\u00e9 odd\u011blen\u00ed. Od t\u00e9 doby ob\u011b odd\u011blen\u00ed knihovny vedla jedna profesion\u00e1ln\u00ed knihovnice. V letech 1975 a\u017e 1990 byla obec Horn\u00ed Such\u00e1 sou\u010d\u00e1st\u00ed m\u011bsta Hav\u00ed\u0159ova, tedy i knihovna byla pobo\u010dkou hav\u00ed\u0159ovsk\u00e9 m\u011bstsk\u00e9 knihovny. V t\u00e9 dob\u011b vedla knihovnu pan\u00ed Gabriela Steinerov\u00e1, pozd\u011bji v letech 1981 a\u017e 1982 Bogumila Przeczkov\u00e1. Pan\u00ed Aurelie Gamrotov\u00e1 vedla knihovnu v letech 1982 a\u017e 1996. Po jej\u00edm odchodu do d\u016fchodu nastoupila jako knihovnice Anna Kaperov\u00e1 \u2013 Pilchov\u00e1 v roce 1996, V letech 2009 a\u017e 2013, kdy byla pan\u00ed Kaperov\u00e1 na mate\u0159sk\u00e9 dovolen\u00e9, pracovala jako knihovnice Milu\u0161e Bulavov\u00e1. Od roku 2013 v knihovnu vede Bc. Milu\u0161e Bulavov\u00e1, p\u016fsob\u00ed spolu s Annou Kaperovou.<\/p>\n<p style=\"text-align: justify;\">Knihovna po\u0159\u00e1d\u00e1 ka\u017edoro\u010dn\u011b besedy pro \u017e\u00e1ky \u010desk\u00e9 i polsk\u00e9 \u0161koly spojen\u00e9 se sout\u011b\u017eemi, Pasov\u00e1n\u00ed prv\u0148\u00e1\u010dk\u016f na \u010dten\u00e1\u0159e se spisovatelkami Zuzanou Posp\u00ed\u0161ilovou nebo Lenkou Ro\u017enovskou. Pasov\u00e1n\u00ed pro \u017e\u00e1ky polsk\u00e9 \u0161koly prob\u00edh\u00e1 s herci T\u011b\u0161\u00ednsk\u00e9ho divadla. V roce 2013 se \u017e\u00e1ci polsk\u00e9 \u0161koly a mate\u0159sk\u00e9 \u0161koly z\u00fa\u010dastnili region\u00e1ln\u00ed liter\u00e1rn\u011b-v\u00fdtvarn\u00e9 sout\u011b\u017ee k 80. v\u00fdro\u010d\u00ed narozen\u00ed \u201eKoziolka Matolka. V roce 2013 tak\u00e9 knihovna poprv\u00e9 uspo\u0159\u00e1dala pro \u017e\u00e1ky \u010desk\u00e9 i polsk\u00e9 \u0161koly Listov\u00e1n\u00ed \u2013 sc\u00e9nick\u00e9 \u010dten\u00ed, kdy je vybran\u00e1 kniha prezentov\u00e1na formou sc\u00e9nick\u00e9ho \u010dten\u00ed, kter\u00e9 nyn\u00ed po\u0159\u00e1d\u00e1 ka\u017edoro\u010dn\u011b.<\/p>\n<p style=\"text-align: justify;\">V roce 2019 se knihovna zapojila do celost\u00e1tn\u00ed aktivity Bookstart &#8211; S kn\u00ed\u017ekou do \u017eivota, kdy se v knihovn\u011b se pravideln\u011b sch\u00e1zej\u00ed maminky s d\u011btmi. Z dal\u0161\u00edch m\u016f\u017eeme jmenovat projekty Kn\u00ed\u017eka pro prv\u0148\u00e1\u010dka, Noc s Andersenem, T\u00fdden knihoven, B\u0159ezen, m\u011bs\u00edc \u010dten\u00e1\u0159\u016f.<\/p>\n<p style=\"text-align: justify;\">V\u00fdznamnou osobnost\u00ed hornosu\u0161sk\u00e9ho knihovnictv\u00ed byl pan Henryk Trzaskalik, \u017eil v letech 1900-1986. P\u016fvodn\u00edm povol\u00e1n\u00edm horn\u00edk, byl organiz\u00e1torem hlavn\u011b polsk\u00e9ho spole\u010densk\u00e9ho a kulturn\u00edho \u017eivota v obci, kronik\u00e1\u0159em obce, knihovn\u00edkem PZKO.<br \/>\nKnihovn\u00edkem byl od z\u00e1\u0159\u00ed 1928 a\u017e do \u010dervna 1976. Popularizoval \u010detbu mezi ve\u0159ejnost\u00ed formou besed o knih\u00e1ch a spisovatel\u00edch, kni\u017en\u00edch v\u00fdstav, sout\u011b\u017e\u00ed s liter\u00e1rn\u00ed t\u00e9matikou pro dosp\u011bl\u00e9 i \u0161koln\u00ed ml\u00e1de\u017e. D\u00edky jeho \u00fasil\u00ed se zv\u00fd\u0161il z\u00e1jem o knihovnu i jej\u00ed celkov\u00e1 presti\u017e v obci. Pan Trzaskalik je tak\u00e9 autorem Kroniky obce Horn\u00ed Such\u00e9 (1939-1955), obdob\u00ed do roku 1945 je ps\u00e1no zp\u011btn\u011b formou jeho pam\u011bt\u00ed.<\/p>\n<p style=\"text-align: center;\">Historii Obecn\u00ed knihovny v Horn\u00ed Such\u00e9 zpracovala Bc. Milu\u0161e Bulavov\u00e1.<\/p>\n","protected":false},"excerpt":{"rendered":"<p>Knihovny p\u0159\u00edstupn\u00e9 \u0161ir\u0161\u00edmu okruhu ve\u0159ejnosti za\u010daly v Horn\u00ed Such\u00e9 postupn\u011b vznikat ji\u017e ve druh\u00e9 polovin\u011b 19. stolet\u00ed. Nejv\u00fdznamn\u011bj\u0161\u00ed \u00falohu sehr\u00e1la \u010d\u00edt\u00e1rna knih a \u010dasopis\u016f u K\u00f3\u0142ka Katolicko-rolniczego i O\u015bwiaty zalo\u017een\u00e1 v roce 1883. D\u00e1le ob\u010dan\u016fm slou\u017eily knihovny r\u016fzn\u00fdch z\u00e1jmov\u00fdch sdru\u017een\u00ed &hellip; <a href=\"https:\/\/hornisucha.knihovna.info\/?page_id=100\">Cel\u00fd p\u0159\u00edsp\u011bvek <span class=\"meta-nav\">&rarr;<\/span><\/a><\/p>\n","protected":false},"author":1,"featured_media":0,"parent":20,"menu_order":0,"comment_status":"closed","ping_status":"closed","template":"","meta":{"footnotes":""},"class_list":["post-100","page","type-page","status-publish","hentry"],"_links":{"self":[{"href":"https:\/\/hornisucha.knihovna.info\/index.php?rest_route=\/wp\/v2\/pages\/100","targetHints":{"allow":["GET"]}}],"collection":[{"href":"https:\/\/hornisucha.knihovna.info\/index.php?rest_route=\/wp\/v2\/pages"}],"about":[{"href":"https:\/\/hornisucha.knihovna.info\/index.php?rest_route=\/wp\/v2\/types\/page"}],"author":[{"embeddable":true,"href":"https:\/\/hornisucha.knihovna.info\/index.php?rest_route=\/wp\/v2\/users\/1"}],"replies":[{"embeddable":true,"href":"https:\/\/hornisucha.knihovna.info\/index.php?rest_route=%2Fwp%2Fv2%2Fcomments&post=100"}],"version-history":[{"count":5,"href":"https:\/\/hornisucha.knihovna.info\/index.php?rest_route=\/wp\/v2\/pages\/100\/revisions"}],"predecessor-version":[{"id":386,"href":"https:\/\/hornisucha.knihovna.info\/index.php?rest_route=\/wp\/v2\/pages\/100\/revisions\/386"}],"up":[{"embeddable":true,"href":"https:\/\/hornisucha.knihovna.info\/index.php?rest_route=\/wp\/v2\/pages\/20"}],"wp:attachment":[{"href":"https:\/\/hornisucha.knihovna.info\/index.php?rest_route=%2Fwp%2Fv2%2Fmedia&parent=100"}],"curies":[{"name":"wp","href":"https:\/\/api.w.org\/{rel}","templated":true}]}}